{"id":1556,"date":"2019-08-01T15:46:48","date_gmt":"2019-08-01T18:46:48","guid":{"rendered":"https:\/\/dentalpar.net.br\/site\/?page_id=1556"},"modified":"2019-09-30T22:41:08","modified_gmt":"2019-10-01T01:41:08","slug":"rede-propria","status":"publish","type":"page","link":"https:\/\/conveniodesaude.com.br\/hbcsaude\/rede-propria\/","title":{"rendered":"Rede Pr\u00f3pria"},"content":{"rendered":"\t\t<div data-elementor-type=\"wp-post\" data-elementor-id=\"1556\" class=\"elementor elementor-1556\" data-elementor-post-type=\"page\">\n\t\t\t\t\t\t<section class=\"elementor-section elementor-top-section elementor-element elementor-element-a7440d9 elementor-section-full_width elementor-section-height-default elementor-section-height-default\" data-id=\"a7440d9\" data-element_type=\"section\" data-e-type=\"section\">\n\t\t\t\t\t\t<div class=\"elementor-container elementor-column-gap-no\">\n\t\t\t\t\t<div class=\"elementor-column elementor-col-100 elementor-top-column elementor-element elementor-element-9cfc03d\" data-id=\"9cfc03d\" data-element_type=\"column\" data-e-type=\"column\">\n\t\t\t<div class=\"elementor-widget-wrap elementor-element-populated\">\n\t\t\t\t\t\t<div class=\"elementor-element elementor-element-afce9b2 elementor-widget elementor-widget-heading\" data-id=\"afce9b2\" data-element_type=\"widget\" data-e-type=\"widget\" data-widget_type=\"heading.default\">\n\t\t\t\t<div class=\"elementor-widget-container\">\n\t\t\t\t\t<h2 class=\"elementor-heading-title elementor-size-xl\">Rede Pr\u00f3pria<\/h2>\t\t\t\t<\/div>\n\t\t\t\t<\/div>\n\t\t\t\t\t<\/div>\n\t\t<\/div>\n\t\t\t\t\t<\/div>\n\t\t<\/section>\n\t\t\t\t<section class=\"elementor-section elementor-top-section elementor-element elementor-element-ae90613 elementor-section-boxed elementor-section-height-default elementor-section-height-default\" data-id=\"ae90613\" data-element_type=\"section\" data-e-type=\"section\">\n\t\t\t\t\t\t<div class=\"elementor-container elementor-column-gap-default\">\n\t\t\t\t\t<div class=\"elementor-column elementor-col-50 elementor-top-column elementor-element elementor-element-0c43737\" data-id=\"0c43737\" data-element_type=\"column\" data-e-type=\"column\">\n\t\t\t<div class=\"elementor-widget-wrap elementor-element-populated\">\n\t\t\t\t\t\t<div class=\"elementor-element elementor-element-3b29c15 elementor-widget elementor-widget-image\" data-id=\"3b29c15\" data-element_type=\"widget\" data-e-type=\"widget\" data-widget_type=\"image.default\">\n\t\t\t\t<div class=\"elementor-widget-container\">\n\t\t\t\t\t\t\t\t\t\t\t\t\t\t\t<img fetchpriority=\"high\" decoding=\"async\" width=\"560\" height=\"530\" src=\"https:\/\/conveniodesaude.com.br\/hbcsaude\/wp-content\/uploads\/2019\/08\/salgado-filho.jpg\" class=\"attachment-large size-large wp-image-1920\" alt=\"\" srcset=\"https:\/\/conveniodesaude.com.br\/hbcsaude\/wp-content\/uploads\/2019\/08\/salgado-filho.jpg 560w, https:\/\/conveniodesaude.com.br\/hbcsaude\/wp-content\/uploads\/2019\/08\/salgado-filho-300x284.jpg 300w\" sizes=\"(max-width: 560px) 100vw, 560px\" \/>\t\t\t\t\t\t\t\t\t\t\t\t\t\t\t<\/div>\n\t\t\t\t<\/div>\n\t\t\t\t\t<\/div>\n\t\t<\/div>\n\t\t\t\t<div class=\"elementor-column elementor-col-50 elementor-top-column elementor-element elementor-element-38bb3ae\" data-id=\"38bb3ae\" data-element_type=\"column\" data-e-type=\"column\">\n\t\t\t<div class=\"elementor-widget-wrap elementor-element-populated\">\n\t\t\t\t\t\t<div class=\"elementor-element elementor-element-f2365ec elementor-widget elementor-widget-text-editor\" data-id=\"f2365ec\" data-element_type=\"widget\" data-e-type=\"widget\" data-widget_type=\"text-editor.default\">\n\t\t\t\t<div class=\"elementor-widget-container\">\n\t\t\t\t\t\t\t\t\t<h3 class=\"txt-left\"><span style=\"color: #005a2f;\"><strong>Centro M\u00e9dico HBC Sa\u00fade \u2013 Unidade Salgado Filho<\/strong><\/span><\/h3><div class=\"wpb_text_column wpb_content_element \"><div class=\"wpb_wrapper\"><ul><li><span style=\"color: #000000;\">Anestesiologista<\/span><\/li><li><span style=\"color: #000000;\">Cirurgia bari\u00e1trica<\/span><\/li><li><span style=\"color: #000000;\">Cirurgia card\u00edaca<\/span><\/li><li><span style=\"color: #000000;\">Cirurgia geral<\/span><\/li><li><span style=\"color: #000000;\">Clinica m\u00e9dica<\/span><\/li><li><span style=\"color: #000000;\">Cirurgia pedi\u00e1trica<\/span><\/li><li><span style=\"color: #000000;\">Dermatologia<\/span><\/li><li><span style=\"color: #000000;\">Endocrinologia<\/span><\/li><li><span style=\"color: #000000;\">Fonoaudiologia<\/span><\/li><li><span style=\"color: #000000;\">Gastroenterologia<\/span><\/li><li><span style=\"color: #000000;\">Neurocirurgia<\/span><\/li><li><span style=\"color: #000000;\">Neurologia<\/span><\/li><li><span style=\"color: #000000;\">Nutri\u00e7\u00e3o<\/span><\/li><li><span style=\"color: #000000;\">Ortopedia<\/span><\/li><li><span style=\"color: #000000;\">Pediatria<\/span><\/li><li><span style=\"color: #000000;\">Urologia<\/span><\/li><li><span style=\"color: #000000;\">Vascular<\/span><\/li><\/ul><\/div><\/div>\t\t\t\t\t\t\t\t<\/div>\n\t\t\t\t<\/div>\n\t\t\t\t\t<\/div>\n\t\t<\/div>\n\t\t\t\t\t<\/div>\n\t\t<\/section>\n\t\t\t\t<section class=\"elementor-section elementor-top-section elementor-element elementor-element-196293a elementor-section-boxed elementor-section-height-default elementor-section-height-default\" data-id=\"196293a\" data-element_type=\"section\" data-e-type=\"section\">\n\t\t\t\t\t\t<div class=\"elementor-container elementor-column-gap-default\">\n\t\t\t\t\t<div class=\"elementor-column elementor-col-50 elementor-top-column elementor-element elementor-element-2aed739\" data-id=\"2aed739\" data-element_type=\"column\" data-e-type=\"column\">\n\t\t\t<div class=\"elementor-widget-wrap elementor-element-populated\">\n\t\t\t\t\t\t<div class=\"elementor-element elementor-element-34c05e0 elementor-widget elementor-widget-image\" data-id=\"34c05e0\" data-element_type=\"widget\" data-e-type=\"widget\" data-widget_type=\"image.default\">\n\t\t\t\t<div class=\"elementor-widget-container\">\n\t\t\t\t\t\t\t\t\t\t\t\t\t\t\t<img decoding=\"async\" width=\"560\" height=\"530\" src=\"https:\/\/conveniodesaude.com.br\/hbcsaude\/wp-content\/uploads\/2019\/08\/sati.jpg\" class=\"attachment-large size-large wp-image-1921\" alt=\"\" srcset=\"https:\/\/conveniodesaude.com.br\/hbcsaude\/wp-content\/uploads\/2019\/08\/sati.jpg 560w, https:\/\/conveniodesaude.com.br\/hbcsaude\/wp-content\/uploads\/2019\/08\/sati-300x284.jpg 300w\" sizes=\"(max-width: 560px) 100vw, 560px\" \/>\t\t\t\t\t\t\t\t\t\t\t\t\t\t\t<\/div>\n\t\t\t\t<\/div>\n\t\t\t\t\t<\/div>\n\t\t<\/div>\n\t\t\t\t<div class=\"elementor-column elementor-col-50 elementor-top-column elementor-element elementor-element-e76ce7f\" data-id=\"e76ce7f\" data-element_type=\"column\" data-e-type=\"column\">\n\t\t\t<div class=\"elementor-widget-wrap elementor-element-populated\">\n\t\t\t\t\t\t<div class=\"elementor-element elementor-element-91c7ea8 elementor-widget elementor-widget-text-editor\" data-id=\"91c7ea8\" data-element_type=\"widget\" data-e-type=\"widget\" data-widget_type=\"text-editor.default\">\n\t\t\t\t<div class=\"elementor-widget-container\">\n\t\t\t\t\t\t\t\t\t<h3 class=\"txt-left\"><span style=\"color: #005a2f;\"><strong>Centro M\u00e9dico HBC SA\u00daDE \u2013 Unidade SATI<\/strong><\/span><\/h3><div class=\"wpb_text_column wpb_content_element \"><div class=\"wpb_wrapper\"><ul><li><span style=\"color: #000000;\">Alergologia<\/span><\/li><li><span style=\"color: #000000;\">Cardiologia<\/span><\/li><li><span style=\"color: #000000;\">Cl\u00ednica M\u00e9dica<\/span><\/li><li><span style=\"color: #000000;\">Cirurgia cabe\u00e7a e pesco\u00e7o<\/span><\/li><li><span style=\"color: #000000;\">Cirurgia pl\u00e1stica<\/span><\/li><li><span style=\"color: #000000;\">Dermatologia<\/span><\/li><li><span style=\"color: #000000;\">Endocrinologia<\/span><\/li><li><span style=\"color: #000000;\">Geriatria<\/span><\/li><li><span style=\"color: #000000;\">Ginecologia<\/span><\/li><li><span style=\"color: #000000;\">Ortopedia<\/span><\/li><li><span style=\"color: #000000;\">Otorrinolaringologia<\/span><\/li><li><span style=\"color: #000000;\">Pneumologia<\/span><\/li><li><span style=\"color: #000000;\">Psicologia<\/span><\/li><li><span style=\"color: #000000;\">Reumatologia<\/span><\/li><\/ul><\/div><\/div><h3 class=\"txt-left\">\u00a0<\/h3>\t\t\t\t\t\t\t\t<\/div>\n\t\t\t\t<\/div>\n\t\t\t\t\t<\/div>\n\t\t<\/div>\n\t\t\t\t\t<\/div>\n\t\t<\/section>\n\t\t\t\t<section class=\"elementor-section elementor-top-section elementor-element elementor-element-9862c4a elementor-section-boxed elementor-section-height-default elementor-section-height-default\" data-id=\"9862c4a\" data-element_type=\"section\" data-e-type=\"section\">\n\t\t\t\t\t\t<div class=\"elementor-container elementor-column-gap-default\">\n\t\t\t\t\t<div class=\"elementor-column elementor-col-50 elementor-top-column elementor-element elementor-element-d8b3b29\" data-id=\"d8b3b29\" data-element_type=\"column\" data-e-type=\"column\">\n\t\t\t<div class=\"elementor-widget-wrap elementor-element-populated\">\n\t\t\t\t\t\t<div class=\"elementor-element elementor-element-35ed68e elementor-widget elementor-widget-image\" data-id=\"35ed68e\" data-element_type=\"widget\" data-e-type=\"widget\" data-widget_type=\"image.default\">\n\t\t\t\t<div class=\"elementor-widget-container\">\n\t\t\t\t\t\t\t\t\t\t\t\t\t\t\t<img decoding=\"async\" width=\"560\" height=\"530\" src=\"https:\/\/conveniodesaude.com.br\/hbcsaude\/wp-content\/uploads\/2019\/08\/bom-clima.jpg\" class=\"attachment-large size-large wp-image-1922\" alt=\"\" srcset=\"https:\/\/conveniodesaude.com.br\/hbcsaude\/wp-content\/uploads\/2019\/08\/bom-clima.jpg 560w, https:\/\/conveniodesaude.com.br\/hbcsaude\/wp-content\/uploads\/2019\/08\/bom-clima-300x284.jpg 300w\" sizes=\"(max-width: 560px) 100vw, 560px\" \/>\t\t\t\t\t\t\t\t\t\t\t\t\t\t\t<\/div>\n\t\t\t\t<\/div>\n\t\t\t\t\t<\/div>\n\t\t<\/div>\n\t\t\t\t<div class=\"elementor-column elementor-col-50 elementor-top-column elementor-element elementor-element-4654f55\" data-id=\"4654f55\" data-element_type=\"column\" data-e-type=\"column\">\n\t\t\t<div class=\"elementor-widget-wrap elementor-element-populated\">\n\t\t\t\t\t\t<div class=\"elementor-element elementor-element-bb76c19 elementor-widget elementor-widget-text-editor\" data-id=\"bb76c19\" data-element_type=\"widget\" data-e-type=\"widget\" data-widget_type=\"text-editor.default\">\n\t\t\t\t<div class=\"elementor-widget-container\">\n\t\t\t\t\t\t\t\t\t<h3 class=\"txt-left\"><span style=\"color: #005a2f;\"><strong>Hospital Bom Clima<\/strong><\/span><\/h3><div class=\"wpb_text_column wpb_content_element \"><div class=\"wpb_wrapper\"><p><span style=\"color: #000000;\">Pertencente ao Grupo HBC, o Hospital Bom Clima disp\u00f5e para atendimento aos seus benefici\u00e1rios na regi\u00e3o de Guarulhos: 130 leitos, 05 salas cir\u00fargicas, 15 leitos de UTI adulto e 08 neonatal, equipados com a mais alta tecnologia do segmento.<\/span><\/p><\/div><\/div><div class=\"wpb_text_column wpb_content_element \"><div class=\"wpb_wrapper\"><ul><li><span style=\"color: #000000;\">Pronto socorro Adulto e Infantil 24 horas;<\/span><\/li><li><span style=\"color: #000000;\">Urg\u00eancia e emerg\u00eancia;<\/span><\/li><li><span style=\"color: #000000;\">Interna\u00e7\u00f5es Cl\u00ednicas e Cir\u00fargicas;<\/span><\/li><li><span style=\"color: #000000;\">Maternidade;<\/span><\/li><li><span style=\"color: #000000;\">Diagn\u00f3sticos.<\/span><\/li><\/ul><\/div><\/div>\t\t\t\t\t\t\t\t<\/div>\n\t\t\t\t<\/div>\n\t\t\t\t\t<\/div>\n\t\t<\/div>\n\t\t\t\t\t<\/div>\n\t\t<\/section>\n\t\t\t\t<\/div>\n\t\t","protected":false},"excerpt":{"rendered":"<p>Rede Pr\u00f3pria Centro M\u00e9dico HBC Sa\u00fade \u2013 Unidade Salgado Filho Anestesiologista Cirurgia bari\u00e1trica Cirurgia card\u00edaca Cirurgia geral Clinica m\u00e9dica Cirurgia pedi\u00e1trica Dermatologia Endocrinologia Fonoaudiologia Gastroenterologia Neurocirurgia Neurologia Nutri\u00e7\u00e3o Ortopedia Pediatria Urologia Vascular Centro M\u00e9dico HBC SA\u00daDE \u2013 Unidade SATI Alergologia Cardiologia Cl\u00ednica M\u00e9dica Cirurgia cabe\u00e7a e pesco\u00e7o Cirurgia pl\u00e1stica Dermatologia Endocrinologia Geriatria Ginecologia Ortopedia Otorrinolaringologia &#8230; <a title=\"Rede Pr\u00f3pria\" class=\"read-more\" href=\"https:\/\/conveniodesaude.com.br\/hbcsaude\/rede-propria\/\" aria-label=\"Read more about Rede Pr\u00f3pria\">Ler mais<\/a><\/p>\n","protected":false},"author":1,"featured_media":0,"parent":0,"menu_order":0,"comment_status":"closed","ping_status":"closed","template":"","meta":{"generate_page_header":"","footnotes":""},"class_list":["post-1556","page","type-page","status-publish"],"_links":{"self":[{"href":"https:\/\/conveniodesaude.com.br\/hbcsaude\/wp-json\/wp\/v2\/pages\/1556","targetHints":{"allow":["GET"]}}],"collection":[{"href":"https:\/\/conveniodesaude.com.br\/hbcsaude\/wp-json\/wp\/v2\/pages"}],"about":[{"href":"https:\/\/conveniodesaude.com.br\/hbcsaude\/wp-json\/wp\/v2\/types\/page"}],"author":[{"embeddable":true,"href":"https:\/\/conveniodesaude.com.br\/hbcsaude\/wp-json\/wp\/v2\/users\/1"}],"replies":[{"embeddable":true,"href":"https:\/\/conveniodesaude.com.br\/hbcsaude\/wp-json\/wp\/v2\/comments?post=1556"}],"version-history":[{"count":0,"href":"https:\/\/conveniodesaude.com.br\/hbcsaude\/wp-json\/wp\/v2\/pages\/1556\/revisions"}],"wp:attachment":[{"href":"https:\/\/conveniodesaude.com.br\/hbcsaude\/wp-json\/wp\/v2\/media?parent=1556"}],"curies":[{"name":"wp","href":"https:\/\/api.w.org\/{rel}","templated":true}]}}