{"id":1880,"date":"2019-08-24T13:32:40","date_gmt":"2019-08-24T16:32:40","guid":{"rendered":"https:\/\/hbcsaude.com\/site\/?page_id=1880"},"modified":"2025-09-18T15:05:44","modified_gmt":"2025-09-18T18:05:44","slug":"plano-pme","status":"publish","type":"page","link":"https:\/\/conveniodesaude.com.br\/hbcsaude\/plano-pme\/","title":{"rendered":"Plano PME"},"content":{"rendered":"\t\t<div data-elementor-type=\"wp-post\" data-elementor-id=\"1880\" class=\"elementor elementor-1880\" data-elementor-post-type=\"page\">\n\t\t\t\t\t\t<section class=\"elementor-section elementor-top-section elementor-element elementor-element-0d9d8bc elementor-section-full_width elementor-section-height-default elementor-section-height-default\" data-id=\"0d9d8bc\" data-element_type=\"section\" data-e-type=\"section\">\n\t\t\t\t\t\t<div class=\"elementor-container elementor-column-gap-no\">\n\t\t\t\t\t<div class=\"elementor-column elementor-col-100 elementor-top-column elementor-element elementor-element-49f90ae\" data-id=\"49f90ae\" data-element_type=\"column\" data-e-type=\"column\">\n\t\t\t<div class=\"elementor-widget-wrap elementor-element-populated\">\n\t\t\t\t\t\t<div class=\"elementor-element elementor-element-d971813 elementor-widget elementor-widget-heading\" data-id=\"d971813\" data-element_type=\"widget\" data-e-type=\"widget\" data-widget_type=\"heading.default\">\n\t\t\t\t<div class=\"elementor-widget-container\">\n\t\t\t\t\t<h2 class=\"elementor-heading-title elementor-size-xl\">PME<\/h2>\t\t\t\t<\/div>\n\t\t\t\t<\/div>\n\t\t\t\t\t<\/div>\n\t\t<\/div>\n\t\t\t\t\t<\/div>\n\t\t<\/section>\n\t\t\t\t<section class=\"elementor-section elementor-top-section elementor-element elementor-element-b624d57 elementor-section-boxed elementor-section-height-default elementor-section-height-default\" data-id=\"b624d57\" data-element_type=\"section\" data-e-type=\"section\" data-settings=\"{&quot;background_background&quot;:&quot;classic&quot;}\">\n\t\t\t\t\t\t<div class=\"elementor-container elementor-column-gap-default\">\n\t\t\t\t\t<div class=\"elementor-column elementor-col-50 elementor-top-column elementor-element elementor-element-49ec0a5\" data-id=\"49ec0a5\" data-element_type=\"column\" data-e-type=\"column\">\n\t\t\t<div class=\"elementor-widget-wrap elementor-element-populated\">\n\t\t\t\t\t\t<div class=\"elementor-element elementor-element-bf30288 elementor-widget elementor-widget-text-editor\" data-id=\"bf30288\" data-element_type=\"widget\" data-e-type=\"widget\" data-widget_type=\"text-editor.default\">\n\t\t\t\t<div class=\"elementor-widget-container\">\n\t\t\t\t\t\t\t\t\t<h2><span style=\"color: #005a2f;\"><strong>A partir de 4 Vidas<\/strong><\/span><\/h2><p><span style=\"color: #000000;\"><strong>Mais Abrangente. Mais Din\u00e2mico. Mais Acess\u00edvel.<\/strong><\/span><br \/><span style=\"color: #000000;\">Atendimento Regional<\/span><br \/><span style=\"color: #000000;\">Cuidado Acolhedor e Humanizado<\/span><br \/><span style=\"color: #000000;\">Rede Pr\u00f3pria Exclusiva<\/span><br \/><span style=\"color: #000000;\">Facilidade no acesso<\/span><br \/><span style=\"color: #000000;\">Pre\u00e7o competitivo.<\/span><\/p><h2><strong><span style=\"color: #005a2f;\">Rede Referenciada<\/span><\/strong><\/h2><p><span style=\"color: #000000;\"><strong>Pr\u00f3pria<\/strong><\/span><br \/><span style=\"color: #000000;\">Hospital Bom Clima<\/span><br \/><span style=\"color: #000000;\">Cl\u00ednica Salgado Filho<\/span><br \/><span style=\"color: #000000;\">Cl\u00ednica SATI<\/span><\/p><p><span style=\"color: #000000;\"><strong>Credenciada<\/strong><\/span><br \/><span style=\"color: #000000;\">Voxel Medicina Diagn\u00f3stica<\/span><br \/><span style=\"color: #000000;\">Cl\u00ednica Jardim S\u00e3o Jo\u00e3o<\/span><br \/><span style=\"color: #000000;\">Fisioterapia e Terapia da M\u00e3o<\/span><br \/><span style=\"color: #000000;\">SM Diagn\u00f3sticos Especializados<\/span><\/p>\t\t\t\t\t\t\t\t<\/div>\n\t\t\t\t<\/div>\n\t\t\t\t\t<\/div>\n\t\t<\/div>\n\t\t\t\t<div class=\"elementor-column elementor-col-50 elementor-top-column elementor-element elementor-element-259af3a\" data-id=\"259af3a\" data-element_type=\"column\" data-e-type=\"column\">\n\t\t\t<div class=\"elementor-widget-wrap elementor-element-populated\">\n\t\t\t\t\t\t<div class=\"elementor-element elementor-element-c76e34b elementor-widget elementor-widget-image\" data-id=\"c76e34b\" data-element_type=\"widget\" data-e-type=\"widget\" data-widget_type=\"image.default\">\n\t\t\t\t<div class=\"elementor-widget-container\">\n\t\t\t\t\t\t\t\t\t\t\t\t\t\t\t<img fetchpriority=\"high\" decoding=\"async\" width=\"800\" height=\"600\" src=\"https:\/\/conveniodesaude.com.br\/hbcsaude\/wp-content\/uploads\/2019\/08\/familia.jpg\" class=\"attachment-large size-large wp-image-1883\" alt=\"\" srcset=\"https:\/\/conveniodesaude.com.br\/hbcsaude\/wp-content\/uploads\/2019\/08\/familia.jpg 800w, https:\/\/conveniodesaude.com.br\/hbcsaude\/wp-content\/uploads\/2019\/08\/familia-300x225.jpg 300w, https:\/\/conveniodesaude.com.br\/hbcsaude\/wp-content\/uploads\/2019\/08\/familia-768x576.jpg 768w\" sizes=\"(max-width: 800px) 100vw, 800px\" \/>\t\t\t\t\t\t\t\t\t\t\t\t\t\t\t<\/div>\n\t\t\t\t<\/div>\n\t\t\t\t\t<\/div>\n\t\t<\/div>\n\t\t\t\t\t<\/div>\n\t\t<\/section>\n\t\t\t\t<section class=\"elementor-section elementor-top-section elementor-element elementor-element-4b717f1 elementor-section-content-top elementor-section-boxed elementor-section-height-default elementor-section-height-default\" data-id=\"4b717f1\" data-element_type=\"section\" data-e-type=\"section\" data-settings=\"{&quot;background_background&quot;:&quot;classic&quot;}\">\n\t\t\t\t\t\t\t<div class=\"elementor-background-overlay\"><\/div>\n\t\t\t\t\t\t\t<div class=\"elementor-container elementor-column-gap-default\">\n\t\t\t\t\t<div class=\"elementor-column elementor-col-33 elementor-top-column elementor-element elementor-element-608b36d\" data-id=\"608b36d\" data-element_type=\"column\" data-e-type=\"column\">\n\t\t\t<div class=\"elementor-widget-wrap\">\n\t\t\t\t\t\t\t<\/div>\n\t\t<\/div>\n\t\t\t\t<div class=\"elementor-column elementor-col-33 elementor-top-column elementor-element elementor-element-1684de7\" data-id=\"1684de7\" data-element_type=\"column\" data-e-type=\"column\">\n\t\t\t<div class=\"elementor-widget-wrap elementor-element-populated\">\n\t\t\t\t\t\t<div class=\"elementor-element elementor-element-4ad5087 elementor-widget elementor-widget-text-editor\" data-id=\"4ad5087\" data-element_type=\"widget\" data-e-type=\"widget\" data-widget_type=\"text-editor.default\">\n\t\t\t\t<div class=\"elementor-widget-container\">\n\t\t\t\t\t\t\t\t\t<p><strong>SOLICITE COTA\u00c7\u00c3O<\/strong><\/p>\t\t\t\t\t\t\t\t<\/div>\n\t\t\t\t<\/div>\n\t\t\t\t<div class=\"elementor-element elementor-element-25044ef elementor-button-align-stretch elementor-widget elementor-widget-form\" data-id=\"25044ef\" data-element_type=\"widget\" data-e-type=\"widget\" data-settings=\"{&quot;step_next_label&quot;:&quot;Next&quot;,&quot;step_previous_label&quot;:&quot;Previous&quot;,&quot;button_width&quot;:&quot;100&quot;,&quot;step_type&quot;:&quot;number_text&quot;,&quot;step_icon_shape&quot;:&quot;circle&quot;}\" data-widget_type=\"form.default\">\n\t\t\t\t<div class=\"elementor-widget-container\">\n\t\t\t\t\t\t\t<form class=\"elementor-form\" method=\"post\" id=\"pagina-plano-pme\" name=\"P\u00e1gina plano PME\" aria-label=\"P\u00e1gina plano PME\">\n\t\t\t<input type=\"hidden\" name=\"post_id\" value=\"1880\"\/>\n\t\t\t<input type=\"hidden\" name=\"form_id\" value=\"25044ef\"\/>\n\t\t\t<input type=\"hidden\" name=\"referer_title\" value=\"Plano PME\" \/>\n\n\t\t\t\t\t\t\t<input type=\"hidden\" name=\"queried_id\" value=\"1880\"\/>\n\t\t\t\n\t\t\t<div class=\"elementor-form-fields-wrapper elementor-labels-above\">\n\t\t\t\t\t\t\t\t<div class=\"elementor-field-type-text elementor-field-group elementor-column elementor-field-group-name elementor-col-100 elementor-field-required\">\n\t\t\t\t\t\t\t\t\t\t\t\t\t<input size=\"1\" type=\"text\" name=\"form_fields[name]\" id=\"form-field-name\" class=\"elementor-field elementor-size-md  elementor-field-textual\" placeholder=\"Nome completo\" required=\"required\">\n\t\t\t\t\t\t\t\t\t\t\t<\/div>\n\t\t\t\t\t\t\t\t<div class=\"elementor-field-type-email elementor-field-group elementor-column elementor-field-group-email elementor-col-100 elementor-field-required\">\n\t\t\t\t\t\t\t\t\t\t\t\t\t<input size=\"1\" type=\"email\" name=\"form_fields[email]\" id=\"form-field-email\" class=\"elementor-field elementor-size-md  elementor-field-textual\" placeholder=\"E-mail\" required=\"required\">\n\t\t\t\t\t\t\t\t\t\t\t<\/div>\n\t\t\t\t\t\t\t\t<div class=\"elementor-field-type-tel elementor-field-group elementor-column elementor-field-group-celular elementor-col-100 elementor-field-required\">\n\t\t\t\t\t\t\t<input size=\"1\" type=\"tel\" name=\"form_fields[celular]\" id=\"form-field-celular\" class=\"elementor-field elementor-size-md  elementor-field-textual\" placeholder=\"DDD + Celular (Ex: 11999999999)\" required=\"required\" pattern=\"[0-9()#&amp;+*-=.]+\" title=\"Apenas n\u00fameros e caracteres de telefone (#, -, *, etc.) s\u00e3o aceitos.\">\n\n\t\t\t\t\t\t<\/div>\n\t\t\t\t\t\t\t\t<div class=\"elementor-field-type-textarea elementor-field-group elementor-column elementor-field-group-detalhes elementor-col-100\">\n\t\t\t\t\t<textarea class=\"elementor-field-textual elementor-field  elementor-size-md\" name=\"form_fields[detalhes]\" id=\"form-field-detalhes\" rows=\"4\" placeholder=\"Para uma cota\u00e7\u00e3o mais precisa, informe o CEP e idades. Caso julgue necess\u00e1rio, informe mais outros detalhes.\"><\/textarea>\t\t\t\t<\/div>\n\t\t\t\t\t\t\t\t<div class=\"elementor-field-type-recaptcha_v3 elementor-field-group elementor-column elementor-field-group-field_99e62e9 elementor-col-100 recaptcha_v3-bottomleft\">\n\t\t\t\t\t<div class=\"elementor-field\" id=\"form-field-field_99e62e9\"><div class=\"elementor-g-recaptcha\" data-sitekey=\"6LctBvofAAAAAK4uAuAePLhyDpyIp3csWF_9VW_w\" data-type=\"v3\" data-action=\"Form\" data-badge=\"bottomleft\" data-size=\"invisible\"><\/div><\/div>\t\t\t\t<\/div>\n\t\t\t\t\t\t\t\t<div class=\"elementor-field-group elementor-column elementor-field-type-submit elementor-col-100 e-form__buttons\">\n\t\t\t\t\t<button class=\"elementor-button elementor-size-md\" type=\"submit\">\n\t\t\t\t\t\t<span class=\"elementor-button-content-wrapper\">\n\t\t\t\t\t\t\t\t\t\t\t\t\t\t\t\t\t\t\t\t\t\t<span class=\"elementor-button-text\">SOLICITAR AGORA<\/span>\n\t\t\t\t\t\t\t\t\t\t\t\t\t<\/span>\n\t\t\t\t\t<\/button>\n\t\t\t\t<\/div>\n\t\t\t<\/div>\n\t\t<\/form>\n\t\t\t\t\t\t<\/div>\n\t\t\t\t<\/div>\n\t\t\t\t\t<\/div>\n\t\t<\/div>\n\t\t\t\t<div class=\"elementor-column elementor-col-33 elementor-top-column elementor-element elementor-element-e6a88f1\" data-id=\"e6a88f1\" data-element_type=\"column\" data-e-type=\"column\">\n\t\t\t<div class=\"elementor-widget-wrap\">\n\t\t\t\t\t\t\t<\/div>\n\t\t<\/div>\n\t\t\t\t\t<\/div>\n\t\t<\/section>\n\t\t\t\t<\/div>\n\t\t","protected":false},"excerpt":{"rendered":"<p>PME A partir de 4 Vidas Mais Abrangente. Mais Din\u00e2mico. Mais Acess\u00edvel.Atendimento RegionalCuidado Acolhedor e HumanizadoRede Pr\u00f3pria ExclusivaFacilidade no acessoPre\u00e7o competitivo. Rede Referenciada Pr\u00f3priaHospital Bom ClimaCl\u00ednica Salgado FilhoCl\u00ednica SATI CredenciadaVoxel Medicina Diagn\u00f3sticaCl\u00ednica Jardim S\u00e3o Jo\u00e3oFisioterapia e Terapia da M\u00e3oSM Diagn\u00f3sticos Especializados SOLICITE COTA\u00c7\u00c3O<\/p>\n","protected":false},"author":1,"featured_media":0,"parent":0,"menu_order":0,"comment_status":"closed","ping_status":"closed","template":"","meta":{"generate_page_header":"","footnotes":""},"class_list":["post-1880","page","type-page","status-publish"],"_links":{"self":[{"href":"https:\/\/conveniodesaude.com.br\/hbcsaude\/wp-json\/wp\/v2\/pages\/1880","targetHints":{"allow":["GET"]}}],"collection":[{"href":"https:\/\/conveniodesaude.com.br\/hbcsaude\/wp-json\/wp\/v2\/pages"}],"about":[{"href":"https:\/\/conveniodesaude.com.br\/hbcsaude\/wp-json\/wp\/v2\/types\/page"}],"author":[{"embeddable":true,"href":"https:\/\/conveniodesaude.com.br\/hbcsaude\/wp-json\/wp\/v2\/users\/1"}],"replies":[{"embeddable":true,"href":"https:\/\/conveniodesaude.com.br\/hbcsaude\/wp-json\/wp\/v2\/comments?post=1880"}],"version-history":[{"count":33,"href":"https:\/\/conveniodesaude.com.br\/hbcsaude\/wp-json\/wp\/v2\/pages\/1880\/revisions"}],"predecessor-version":[{"id":2675,"href":"https:\/\/conveniodesaude.com.br\/hbcsaude\/wp-json\/wp\/v2\/pages\/1880\/revisions\/2675"}],"wp:attachment":[{"href":"https:\/\/conveniodesaude.com.br\/hbcsaude\/wp-json\/wp\/v2\/media?parent=1880"}],"curies":[{"name":"wp","href":"https:\/\/api.w.org\/{rel}","templated":true}]}}