{"id":246,"date":"2018-04-24T15:47:21","date_gmt":"2018-04-24T18:47:21","guid":{"rendered":"http:\/\/anacostasaudesite.com.br\/site\/?page_id=246"},"modified":"2024-02-16T18:54:20","modified_gmt":"2024-02-16T21:54:20","slug":"sobre","status":"publish","type":"page","link":"https:\/\/conveniodesaude.com.br\/hbcsaude\/sobre\/","title":{"rendered":"Sobre"},"content":{"rendered":"\t\t<div data-elementor-type=\"wp-post\" data-elementor-id=\"246\" class=\"elementor elementor-246\" data-elementor-post-type=\"page\">\n\t\t\t\t\t\t<section class=\"elementor-section elementor-top-section elementor-element elementor-element-462db1d elementor-section-full_width elementor-section-height-default elementor-section-height-default\" data-id=\"462db1d\" data-element_type=\"section\" data-e-type=\"section\">\n\t\t\t\t\t\t<div class=\"elementor-container elementor-column-gap-no\">\n\t\t\t\t\t<div class=\"elementor-column elementor-col-100 elementor-top-column elementor-element elementor-element-83a758a\" data-id=\"83a758a\" data-element_type=\"column\" data-e-type=\"column\">\n\t\t\t<div class=\"elementor-widget-wrap elementor-element-populated\">\n\t\t\t\t\t\t<div class=\"elementor-element elementor-element-954f428 elementor-widget elementor-widget-heading\" data-id=\"954f428\" data-element_type=\"widget\" data-e-type=\"widget\" data-widget_type=\"heading.default\">\n\t\t\t\t<div class=\"elementor-widget-container\">\n\t\t\t\t\t<h2 class=\"elementor-heading-title elementor-size-xl\">Conhe\u00e7a a HBC Sa\u00fade<\/h2>\t\t\t\t<\/div>\n\t\t\t\t<\/div>\n\t\t\t\t\t<\/div>\n\t\t<\/div>\n\t\t\t\t\t<\/div>\n\t\t<\/section>\n\t\t\t\t<section class=\"elementor-section elementor-top-section elementor-element elementor-element-0957090 elementor-section-boxed elementor-section-height-default elementor-section-height-default\" data-id=\"0957090\" data-element_type=\"section\" data-e-type=\"section\" data-settings=\"{&quot;background_background&quot;:&quot;classic&quot;}\">\n\t\t\t\t\t\t<div class=\"elementor-container elementor-column-gap-default\">\n\t\t\t\t\t<div class=\"elementor-column elementor-col-50 elementor-top-column elementor-element elementor-element-a000472\" data-id=\"a000472\" data-element_type=\"column\" data-e-type=\"column\">\n\t\t\t<div class=\"elementor-widget-wrap elementor-element-populated\">\n\t\t\t\t\t\t<div class=\"elementor-element elementor-element-1c92b05 elementor-widget elementor-widget-text-editor\" data-id=\"1c92b05\" data-element_type=\"widget\" data-e-type=\"widget\" data-widget_type=\"text-editor.default\">\n\t\t\t\t<div class=\"elementor-widget-container\">\n\t\t\t\t\t\t\t\t\t<h2 class=\"txt-center\"><strong><span style=\"color: #005a2f;\">Solidez e Seguran\u00e7a<\/span><\/strong><\/h2><div class=\"wpb_text_column wpb_content_element \"><div class=\"wpb_wrapper\"><p><span style=\"color: #000000;\">Fundado em 2001, a partir do Hospital Bom Clima, o HBC Sa\u00fade pertence a um grupo s\u00f3lido que oferece planos de assist\u00eancia m\u00e9dica com excelente rela\u00e7\u00e3o custo\/benef\u00edcio, em Guarulhos, S\u00e3o Paulo. Particulares ou empresariais s\u00e3o fundamentados em recursos pr\u00f3prios e pr\u00f3ximos da popula\u00e7\u00e3o atendida, prestando servi\u00e7os m\u00e9dicos da mais alta qualidade, de forma \u00e1gil, din\u00e2mica e resolutiva, valorizando o cuidado integral dos seus benefici\u00e1rios.<\/span><\/p><\/div><\/div>\t\t\t\t\t\t\t\t<\/div>\n\t\t\t\t<\/div>\n\t\t\t\t<div class=\"elementor-element elementor-element-c4ca0b4 elementor-widget elementor-widget-text-editor\" data-id=\"c4ca0b4\" data-element_type=\"widget\" data-e-type=\"widget\" data-widget_type=\"text-editor.default\">\n\t\t\t\t<div class=\"elementor-widget-container\">\n\t\t\t\t\t\t\t\t\t<h2 class=\"txt-left\"><span style=\"color: #005a2f;\"><strong>Marca HBC Sa\u00fade<\/strong><\/span><\/h2><div class=\"wpb_text_column wpb_content_element \"><div class=\"wpb_wrapper\"><p><span style=\"color: #000000;\">A marca HBC Sa\u00fade reflete os conceitos que regem a empresa, reunindo caracter\u00edsticas marcantes que ilustram o modo como ela se relaciona com seus p\u00fablicos: \u00e9 atual, transmite agilidade, dinamismo e resolutividade.<\/span><br \/><span style=\"color: #000000;\">O s\u00edmbolo \u00e9 a letra \u201cb\u201d destacada que remete a \u201cBom\u201d de boa experi\u00eancia e \u201cBom Clima\u201d, referente ao hospital. Seu formato lembra uma gota de sangue que est\u00e1 ligada ao segmento de sa\u00fade.<\/span><br \/><span style=\"color: #000000;\">No popular: \u201cSangue Bom\u201d.<\/span><\/p><\/div><\/div>\t\t\t\t\t\t\t\t<\/div>\n\t\t\t\t<\/div>\n\t\t\t\t\t<\/div>\n\t\t<\/div>\n\t\t\t\t<div class=\"elementor-column elementor-col-50 elementor-top-column elementor-element elementor-element-c2cfb33\" data-id=\"c2cfb33\" data-element_type=\"column\" data-e-type=\"column\">\n\t\t\t<div class=\"elementor-widget-wrap elementor-element-populated\">\n\t\t\t\t\t\t<div class=\"elementor-element elementor-element-3c0b21e elementor-widget elementor-widget-image\" data-id=\"3c0b21e\" data-element_type=\"widget\" data-e-type=\"widget\" data-widget_type=\"image.default\">\n\t\t\t\t<div class=\"elementor-widget-container\">\n\t\t\t\t\t\t\t\t\t\t\t\t\t\t\t<img fetchpriority=\"high\" decoding=\"async\" width=\"785\" height=\"1024\" src=\"https:\/\/conveniodesaude.com.br\/hbcsaude\/wp-content\/uploads\/2019\/08\/fachada-785x1024.jpg\" class=\"attachment-large size-large wp-image-1863\" alt=\"\" srcset=\"https:\/\/conveniodesaude.com.br\/hbcsaude\/wp-content\/uploads\/2019\/08\/fachada.jpg 785w, https:\/\/conveniodesaude.com.br\/hbcsaude\/wp-content\/uploads\/2019\/08\/fachada-230x300.jpg 230w, https:\/\/conveniodesaude.com.br\/hbcsaude\/wp-content\/uploads\/2019\/08\/fachada-768x1002.jpg 768w\" sizes=\"(max-width: 785px) 100vw, 785px\" \/>\t\t\t\t\t\t\t\t\t\t\t\t\t\t\t<\/div>\n\t\t\t\t<\/div>\n\t\t\t\t\t<\/div>\n\t\t<\/div>\n\t\t\t\t\t<\/div>\n\t\t<\/section>\n\t\t\t\t<section class=\"elementor-section elementor-top-section elementor-element elementor-element-158e55f elementor-section-content-top elementor-section-boxed elementor-section-height-default elementor-section-height-default\" data-id=\"158e55f\" data-element_type=\"section\" data-e-type=\"section\" data-settings=\"{&quot;background_background&quot;:&quot;classic&quot;}\">\n\t\t\t\t\t\t\t<div class=\"elementor-background-overlay\"><\/div>\n\t\t\t\t\t\t\t<div class=\"elementor-container elementor-column-gap-default\">\n\t\t\t\t\t<div class=\"elementor-column elementor-col-33 elementor-top-column elementor-element elementor-element-4f86bf6\" data-id=\"4f86bf6\" data-element_type=\"column\" data-e-type=\"column\">\n\t\t\t<div class=\"elementor-widget-wrap\">\n\t\t\t\t\t\t\t<\/div>\n\t\t<\/div>\n\t\t\t\t<div class=\"elementor-column elementor-col-33 elementor-top-column elementor-element elementor-element-bcddabc\" data-id=\"bcddabc\" data-element_type=\"column\" data-e-type=\"column\">\n\t\t\t<div class=\"elementor-widget-wrap elementor-element-populated\">\n\t\t\t\t\t\t<div class=\"elementor-element elementor-element-c2cce06 elementor-widget elementor-widget-text-editor\" data-id=\"c2cce06\" data-element_type=\"widget\" data-e-type=\"widget\" data-widget_type=\"text-editor.default\">\n\t\t\t\t<div class=\"elementor-widget-container\">\n\t\t\t\t\t\t\t\t\t<p><strong>SOLICITE COTA\u00c7\u00c3O<\/strong><\/p>\t\t\t\t\t\t\t\t<\/div>\n\t\t\t\t<\/div>\n\t\t\t\t<div class=\"elementor-element elementor-element-60106c3 elementor-button-align-stretch elementor-widget elementor-widget-form\" data-id=\"60106c3\" data-element_type=\"widget\" data-e-type=\"widget\" data-settings=\"{&quot;step_next_label&quot;:&quot;Next&quot;,&quot;step_previous_label&quot;:&quot;Previous&quot;,&quot;button_width&quot;:&quot;100&quot;,&quot;step_type&quot;:&quot;number_text&quot;,&quot;step_icon_shape&quot;:&quot;circle&quot;}\" data-widget_type=\"form.default\">\n\t\t\t\t<div class=\"elementor-widget-container\">\n\t\t\t\t\t\t\t<form class=\"elementor-form\" method=\"post\" id=\"pagina-sobre\" name=\"P\u00e1gina sobre\" aria-label=\"P\u00e1gina sobre\">\n\t\t\t<input type=\"hidden\" name=\"post_id\" value=\"246\"\/>\n\t\t\t<input type=\"hidden\" name=\"form_id\" value=\"60106c3\"\/>\n\t\t\t<input type=\"hidden\" name=\"referer_title\" value=\"Sobre\" \/>\n\n\t\t\t\t\t\t\t<input type=\"hidden\" name=\"queried_id\" value=\"246\"\/>\n\t\t\t\n\t\t\t<div class=\"elementor-form-fields-wrapper elementor-labels-above\">\n\t\t\t\t\t\t\t\t<div class=\"elementor-field-type-text elementor-field-group elementor-column elementor-field-group-name elementor-col-100 elementor-field-required\">\n\t\t\t\t\t\t\t\t\t\t\t\t\t<input size=\"1\" type=\"text\" name=\"form_fields[name]\" id=\"form-field-name\" class=\"elementor-field elementor-size-md  elementor-field-textual\" placeholder=\"Nome completo\" required=\"required\">\n\t\t\t\t\t\t\t\t\t\t\t<\/div>\n\t\t\t\t\t\t\t\t<div class=\"elementor-field-type-email elementor-field-group elementor-column elementor-field-group-field_1 elementor-col-100\">\n\t\t\t\t\t\t\t\t\t\t\t\t\t<input size=\"1\" type=\"email\" name=\"form_fields[field_1]\" id=\"form-field-field_1\" class=\"elementor-field elementor-size-md  elementor-field-textual\" placeholder=\"E-mail\">\n\t\t\t\t\t\t\t\t\t\t\t<\/div>\n\t\t\t\t\t\t\t\t<div class=\"elementor-field-type-tel elementor-field-group elementor-column elementor-field-group-no_wa elementor-col-100\">\n\t\t\t\t\t\t\t<input size=\"1\" type=\"tel\" name=\"form_fields[no_wa]\" id=\"form-field-no_wa\" class=\"elementor-field elementor-size-md  elementor-field-textual\" placeholder=\"DDD + Celular (Ex: 11999999999)\" pattern=\"[0-9()#&amp;+*-=.]+\" title=\"Apenas n\u00fameros e caracteres de telefone (#, -, *, etc.) s\u00e3o aceitos.\">\n\n\t\t\t\t\t\t<\/div>\n\t\t\t\t\t\t\t\t<div class=\"elementor-field-type-text elementor-field-group elementor-column elementor-field-group-field_2 elementor-col-100\">\n\t\t\t\t\t\t\t\t\t\t\t\t\t<input size=\"1\" type=\"text\" name=\"form_fields[field_2]\" id=\"form-field-field_2\" class=\"elementor-field elementor-size-md  elementor-field-textual\" placeholder=\"Idades (Ex: 12, 38, 39)\">\n\t\t\t\t\t\t\t\t\t\t\t<\/div>\n\t\t\t\t\t\t\t\t<div class=\"elementor-field-type-text elementor-field-group elementor-column elementor-field-group-field_3 elementor-col-100\">\n\t\t\t\t\t\t\t\t\t\t\t\t\t<input size=\"1\" type=\"text\" name=\"form_fields[field_3]\" id=\"form-field-field_3\" class=\"elementor-field elementor-size-md  elementor-field-textual\" placeholder=\"CEP para atendimento\">\n\t\t\t\t\t\t\t\t\t\t\t<\/div>\n\t\t\t\t\t\t\t\t<div class=\"elementor-field-type-textarea elementor-field-group elementor-column elementor-field-group-message elementor-col-100\">\n\t\t\t\t\t<textarea class=\"elementor-field-textual elementor-field  elementor-size-md\" name=\"form_fields[message]\" id=\"form-field-message\" rows=\"4\" placeholder=\"Mais detalhes: informe o m\u00e1ximo de detalhes para que possamos fazer um estudo da sua real necessidade.\"><\/textarea>\t\t\t\t<\/div>\n\t\t\t\t\t\t\t\t<div class=\"elementor-field-group elementor-column elementor-field-type-submit elementor-col-100 e-form__buttons\">\n\t\t\t\t\t<button class=\"elementor-button elementor-size-md\" type=\"submit\">\n\t\t\t\t\t\t<span class=\"elementor-button-content-wrapper\">\n\t\t\t\t\t\t\t\t\t\t\t\t\t\t\t\t\t\t\t\t\t\t<span class=\"elementor-button-text\">SOLICITAR AGORA<\/span>\n\t\t\t\t\t\t\t\t\t\t\t\t\t<\/span>\n\t\t\t\t\t<\/button>\n\t\t\t\t<\/div>\n\t\t\t<\/div>\n\t\t<\/form>\n\t\t\t\t\t\t<\/div>\n\t\t\t\t<\/div>\n\t\t\t\t\t<\/div>\n\t\t<\/div>\n\t\t\t\t<div class=\"elementor-column elementor-col-33 elementor-top-column elementor-element elementor-element-2b22cf1\" data-id=\"2b22cf1\" data-element_type=\"column\" data-e-type=\"column\">\n\t\t\t<div class=\"elementor-widget-wrap\">\n\t\t\t\t\t\t\t<\/div>\n\t\t<\/div>\n\t\t\t\t\t<\/div>\n\t\t<\/section>\n\t\t\t\t<\/div>\n\t\t","protected":false},"excerpt":{"rendered":"<p>Conhe\u00e7a a HBC Sa\u00fade Solidez e Seguran\u00e7a Fundado em 2001, a partir do Hospital Bom Clima, o HBC Sa\u00fade pertence a um grupo s\u00f3lido que oferece planos de assist\u00eancia m\u00e9dica com excelente rela\u00e7\u00e3o custo\/benef\u00edcio, em Guarulhos, S\u00e3o Paulo. Particulares ou empresariais s\u00e3o fundamentados em recursos pr\u00f3prios e pr\u00f3ximos da popula\u00e7\u00e3o atendida, prestando servi\u00e7os m\u00e9dicos da &#8230; <a title=\"Sobre\" class=\"read-more\" href=\"https:\/\/conveniodesaude.com.br\/hbcsaude\/sobre\/\" aria-label=\"Read more about Sobre\">Ler mais<\/a><\/p>\n","protected":false},"author":2,"featured_media":0,"parent":0,"menu_order":0,"comment_status":"closed","ping_status":"closed","template":"","meta":{"generate_page_header":"","footnotes":""},"class_list":["post-246","page","type-page","status-publish"],"_links":{"self":[{"href":"https:\/\/conveniodesaude.com.br\/hbcsaude\/wp-json\/wp\/v2\/pages\/246","targetHints":{"allow":["GET"]}}],"collection":[{"href":"https:\/\/conveniodesaude.com.br\/hbcsaude\/wp-json\/wp\/v2\/pages"}],"about":[{"href":"https:\/\/conveniodesaude.com.br\/hbcsaude\/wp-json\/wp\/v2\/types\/page"}],"author":[{"embeddable":true,"href":"https:\/\/conveniodesaude.com.br\/hbcsaude\/wp-json\/wp\/v2\/users\/2"}],"replies":[{"embeddable":true,"href":"https:\/\/conveniodesaude.com.br\/hbcsaude\/wp-json\/wp\/v2\/comments?post=246"}],"version-history":[{"count":6,"href":"https:\/\/conveniodesaude.com.br\/hbcsaude\/wp-json\/wp\/v2\/pages\/246\/revisions"}],"predecessor-version":[{"id":2434,"href":"https:\/\/conveniodesaude.com.br\/hbcsaude\/wp-json\/wp\/v2\/pages\/246\/revisions\/2434"}],"wp:attachment":[{"href":"https:\/\/conveniodesaude.com.br\/hbcsaude\/wp-json\/wp\/v2\/media?parent=246"}],"curies":[{"name":"wp","href":"https:\/\/api.w.org\/{rel}","templated":true}]}}