{"id":895,"date":"2019-05-03T15:53:28","date_gmt":"2019-05-03T18:53:28","guid":{"rendered":"http:\/\/biovidasaude.net.br\/sitenovo\/?page_id=895"},"modified":"2025-09-18T15:05:20","modified_gmt":"2025-09-18T18:05:20","slug":"plano-individual-familiar","status":"publish","type":"page","link":"https:\/\/conveniodesaude.com.br\/hbcsaude\/plano-individual-familiar\/","title":{"rendered":"Plano Individual e Familiar"},"content":{"rendered":"\t\t<div data-elementor-type=\"wp-post\" data-elementor-id=\"895\" class=\"elementor elementor-895\" data-elementor-post-type=\"page\">\n\t\t\t\t\t\t<section class=\"elementor-section elementor-top-section elementor-element elementor-element-72bb897 elementor-section-full_width elementor-section-height-default elementor-section-height-default\" data-id=\"72bb897\" data-element_type=\"section\" data-e-type=\"section\">\n\t\t\t\t\t\t<div class=\"elementor-container elementor-column-gap-no\">\n\t\t\t\t\t<div class=\"elementor-column elementor-col-100 elementor-top-column elementor-element elementor-element-c17e17d\" data-id=\"c17e17d\" data-element_type=\"column\" data-e-type=\"column\">\n\t\t\t<div class=\"elementor-widget-wrap elementor-element-populated\">\n\t\t\t\t\t\t<div class=\"elementor-element elementor-element-8be6e67 elementor-widget elementor-widget-heading\" data-id=\"8be6e67\" data-element_type=\"widget\" data-e-type=\"widget\" data-widget_type=\"heading.default\">\n\t\t\t\t<div class=\"elementor-widget-container\">\n\t\t\t\t\t<h2 class=\"elementor-heading-title elementor-size-xl\">Individual e Familiar<\/h2>\t\t\t\t<\/div>\n\t\t\t\t<\/div>\n\t\t\t\t\t<\/div>\n\t\t<\/div>\n\t\t\t\t\t<\/div>\n\t\t<\/section>\n\t\t\t\t<section class=\"elementor-section elementor-top-section elementor-element elementor-element-d155208 elementor-section-boxed elementor-section-height-default elementor-section-height-default\" data-id=\"d155208\" data-element_type=\"section\" data-e-type=\"section\" data-settings=\"{&quot;background_background&quot;:&quot;classic&quot;}\">\n\t\t\t\t\t\t<div class=\"elementor-container elementor-column-gap-default\">\n\t\t\t\t\t<div class=\"elementor-column elementor-col-50 elementor-top-column elementor-element elementor-element-c4e1a1c\" data-id=\"c4e1a1c\" data-element_type=\"column\" data-e-type=\"column\">\n\t\t\t<div class=\"elementor-widget-wrap elementor-element-populated\">\n\t\t\t\t\t\t<div class=\"elementor-element elementor-element-759c56c elementor-widget elementor-widget-text-editor\" data-id=\"759c56c\" data-element_type=\"widget\" data-e-type=\"widget\" data-widget_type=\"text-editor.default\">\n\t\t\t\t<div class=\"elementor-widget-container\">\n\t\t\t\t\t\t\t\t\t<h2><span style=\"color: #005a2f;\"><strong>Pessoa F\u00edsica<\/strong><\/span><\/h2><p><span style=\"color: #000000;\"><strong>Abrangente. Din\u00e2mico. Acess\u00edvel.<\/strong><\/span><br \/><span style=\"color: #000000;\">Atendimento Regional<\/span><br \/><span style=\"color: #000000;\">Cuidado Acolhedor e Humanizado<\/span><br \/><span style=\"color: #000000;\">Rede Pr\u00f3pria Exclusiva<\/span><br \/><span style=\"color: #000000;\">Facilidade no acesso<\/span><br \/><span style=\"color: #000000;\">Pre\u00e7o competitivo.<\/span><\/p><h2><span style=\"color: #005a2f;\"><strong>Rede Referenciada<\/strong><\/span><\/h2><p><span style=\"color: #000000;\"><strong>Pr\u00f3pria<\/strong><\/span><br \/><span style=\"color: #000000;\">Hospital Bom Clima<\/span><br \/><span style=\"color: #000000;\">Cl\u00ednica Salgado Filho<\/span><br \/><span style=\"color: #000000;\">Cl\u00ednica SATI<\/span><\/p><p><span style=\"color: #000000;\"><strong>Credenciada<\/strong><\/span><br \/><span style=\"color: #000000;\">Voxel Medicina Diagn\u00f3stica<\/span><br \/><span style=\"color: #000000;\">Cl\u00ednica Jardim S\u00e3o Jo\u00e3o<\/span><br \/><span style=\"color: #000000;\">Fisioterapia e Terapia da M\u00e3o<\/span><br \/><span style=\"color: #000000;\">SM Diagn\u00f3sticos Especializados<\/span><\/p>\t\t\t\t\t\t\t\t<\/div>\n\t\t\t\t<\/div>\n\t\t\t\t\t<\/div>\n\t\t<\/div>\n\t\t\t\t<div class=\"elementor-column elementor-col-50 elementor-top-column elementor-element elementor-element-26da052\" data-id=\"26da052\" data-element_type=\"column\" data-e-type=\"column\">\n\t\t\t<div class=\"elementor-widget-wrap elementor-element-populated\">\n\t\t\t\t\t\t<div class=\"elementor-element elementor-element-64631c6 elementor-widget elementor-widget-image\" data-id=\"64631c6\" data-element_type=\"widget\" data-e-type=\"widget\" data-widget_type=\"image.default\">\n\t\t\t\t<div class=\"elementor-widget-container\">\n\t\t\t\t\t\t\t\t\t\t\t\t\t\t\t<img fetchpriority=\"high\" decoding=\"async\" width=\"1024\" height=\"683\" src=\"https:\/\/conveniodesaude.com.br\/hbcsaude\/wp-content\/uploads\/2019\/08\/mae-1024x683.jpg\" class=\"attachment-large size-large wp-image-1873\" alt=\"\" srcset=\"https:\/\/conveniodesaude.com.br\/hbcsaude\/wp-content\/uploads\/2019\/08\/mae.jpg 1024w, https:\/\/conveniodesaude.com.br\/hbcsaude\/wp-content\/uploads\/2019\/08\/mae-300x200.jpg 300w, https:\/\/conveniodesaude.com.br\/hbcsaude\/wp-content\/uploads\/2019\/08\/mae-768x512.jpg 768w\" sizes=\"(max-width: 1024px) 100vw, 1024px\" \/>\t\t\t\t\t\t\t\t\t\t\t\t\t\t\t<\/div>\n\t\t\t\t<\/div>\n\t\t\t\t\t<\/div>\n\t\t<\/div>\n\t\t\t\t\t<\/div>\n\t\t<\/section>\n\t\t\t\t<section class=\"elementor-section elementor-top-section elementor-element elementor-element-2036501 elementor-section-content-top elementor-section-boxed elementor-section-height-default elementor-section-height-default\" data-id=\"2036501\" data-element_type=\"section\" data-e-type=\"section\" data-settings=\"{&quot;background_background&quot;:&quot;classic&quot;}\">\n\t\t\t\t\t\t\t<div class=\"elementor-background-overlay\"><\/div>\n\t\t\t\t\t\t\t<div class=\"elementor-container elementor-column-gap-default\">\n\t\t\t\t\t<div class=\"elementor-column elementor-col-33 elementor-top-column elementor-element elementor-element-ba06604\" data-id=\"ba06604\" data-element_type=\"column\" data-e-type=\"column\">\n\t\t\t<div class=\"elementor-widget-wrap\">\n\t\t\t\t\t\t\t<\/div>\n\t\t<\/div>\n\t\t\t\t<div class=\"elementor-column elementor-col-33 elementor-top-column elementor-element elementor-element-d43dac9\" data-id=\"d43dac9\" data-element_type=\"column\" data-e-type=\"column\">\n\t\t\t<div class=\"elementor-widget-wrap elementor-element-populated\">\n\t\t\t\t\t\t<div class=\"elementor-element elementor-element-fbf2932 elementor-widget elementor-widget-text-editor\" data-id=\"fbf2932\" data-element_type=\"widget\" data-e-type=\"widget\" data-widget_type=\"text-editor.default\">\n\t\t\t\t<div class=\"elementor-widget-container\">\n\t\t\t\t\t\t\t\t\t<p><strong>SOLICITE COTA\u00c7\u00c3O<\/strong><\/p>\t\t\t\t\t\t\t\t<\/div>\n\t\t\t\t<\/div>\n\t\t\t\t<div class=\"elementor-element elementor-element-60b2989 elementor-button-align-stretch elementor-widget elementor-widget-form\" data-id=\"60b2989\" data-element_type=\"widget\" data-e-type=\"widget\" data-settings=\"{&quot;step_next_label&quot;:&quot;Next&quot;,&quot;step_previous_label&quot;:&quot;Previous&quot;,&quot;button_width&quot;:&quot;100&quot;,&quot;step_type&quot;:&quot;number_text&quot;,&quot;step_icon_shape&quot;:&quot;circle&quot;}\" data-widget_type=\"form.default\">\n\t\t\t\t<div class=\"elementor-widget-container\">\n\t\t\t\t\t\t\t<form class=\"elementor-form\" method=\"post\" id=\"pagina-individual-e-familiar\" name=\"P\u00e1gina individual e familiar\" aria-label=\"P\u00e1gina individual e familiar\">\n\t\t\t<input type=\"hidden\" name=\"post_id\" value=\"895\"\/>\n\t\t\t<input type=\"hidden\" name=\"form_id\" value=\"60b2989\"\/>\n\t\t\t<input type=\"hidden\" name=\"referer_title\" value=\"Plano Individual e Familiar\" \/>\n\n\t\t\t\t\t\t\t<input type=\"hidden\" name=\"queried_id\" value=\"895\"\/>\n\t\t\t\n\t\t\t<div class=\"elementor-form-fields-wrapper elementor-labels-above\">\n\t\t\t\t\t\t\t\t<div class=\"elementor-field-type-text elementor-field-group elementor-column elementor-field-group-name elementor-col-100 elementor-field-required\">\n\t\t\t\t\t\t\t\t\t\t\t\t\t<input size=\"1\" type=\"text\" name=\"form_fields[name]\" id=\"form-field-name\" class=\"elementor-field elementor-size-md  elementor-field-textual\" placeholder=\"Nome completo\" required=\"required\">\n\t\t\t\t\t\t\t\t\t\t\t<\/div>\n\t\t\t\t\t\t\t\t<div class=\"elementor-field-type-email elementor-field-group elementor-column elementor-field-group-email elementor-col-100 elementor-field-required\">\n\t\t\t\t\t\t\t\t\t\t\t\t\t<input size=\"1\" type=\"email\" name=\"form_fields[email]\" id=\"form-field-email\" class=\"elementor-field elementor-size-md  elementor-field-textual\" placeholder=\"E-mail\" required=\"required\">\n\t\t\t\t\t\t\t\t\t\t\t<\/div>\n\t\t\t\t\t\t\t\t<div class=\"elementor-field-type-tel elementor-field-group elementor-column elementor-field-group-celular elementor-col-100 elementor-field-required\">\n\t\t\t\t\t\t\t<input size=\"1\" type=\"tel\" name=\"form_fields[celular]\" id=\"form-field-celular\" class=\"elementor-field elementor-size-md  elementor-field-textual\" placeholder=\"DDD + Celular (Ex: 11999999999)\" required=\"required\" pattern=\"[0-9()#&amp;+*-=.]+\" title=\"Apenas n\u00fameros e caracteres de telefone (#, -, *, etc.) s\u00e3o aceitos.\">\n\n\t\t\t\t\t\t<\/div>\n\t\t\t\t\t\t\t\t<div class=\"elementor-field-type-textarea elementor-field-group elementor-column elementor-field-group-detalhes elementor-col-100\">\n\t\t\t\t\t<textarea class=\"elementor-field-textual elementor-field  elementor-size-md\" name=\"form_fields[detalhes]\" id=\"form-field-detalhes\" rows=\"4\" placeholder=\"Para uma cota\u00e7\u00e3o mais precisa, informe o CEP e idades. Caso julgue necess\u00e1rio, informe mais outros detalhes.\"><\/textarea>\t\t\t\t<\/div>\n\t\t\t\t\t\t\t\t<div class=\"elementor-field-type-recaptcha_v3 elementor-field-group elementor-column elementor-field-group-field_339304c elementor-col-100 recaptcha_v3-bottomleft\">\n\t\t\t\t\t<div class=\"elementor-field\" id=\"form-field-field_339304c\"><div class=\"elementor-g-recaptcha\" data-sitekey=\"6LctBvofAAAAAK4uAuAePLhyDpyIp3csWF_9VW_w\" data-type=\"v3\" data-action=\"Form\" data-badge=\"bottomleft\" data-size=\"invisible\"><\/div><\/div>\t\t\t\t<\/div>\n\t\t\t\t\t\t\t\t<div class=\"elementor-field-group elementor-column elementor-field-type-submit elementor-col-100 e-form__buttons\">\n\t\t\t\t\t<button class=\"elementor-button elementor-size-md\" type=\"submit\">\n\t\t\t\t\t\t<span class=\"elementor-button-content-wrapper\">\n\t\t\t\t\t\t\t\t\t\t\t\t\t\t\t\t\t\t\t\t\t\t<span class=\"elementor-button-text\">SOLICITAR AGORA<\/span>\n\t\t\t\t\t\t\t\t\t\t\t\t\t<\/span>\n\t\t\t\t\t<\/button>\n\t\t\t\t<\/div>\n\t\t\t<\/div>\n\t\t<\/form>\n\t\t\t\t\t\t<\/div>\n\t\t\t\t<\/div>\n\t\t\t\t\t<\/div>\n\t\t<\/div>\n\t\t\t\t<div class=\"elementor-column elementor-col-33 elementor-top-column elementor-element elementor-element-af8a4e6\" data-id=\"af8a4e6\" data-element_type=\"column\" data-e-type=\"column\">\n\t\t\t<div class=\"elementor-widget-wrap\">\n\t\t\t\t\t\t\t<\/div>\n\t\t<\/div>\n\t\t\t\t\t<\/div>\n\t\t<\/section>\n\t\t\t\t<\/div>\n\t\t","protected":false},"excerpt":{"rendered":"<p>Individual e Familiar Pessoa F\u00edsica Abrangente. Din\u00e2mico. Acess\u00edvel.Atendimento RegionalCuidado Acolhedor e HumanizadoRede Pr\u00f3pria ExclusivaFacilidade no acessoPre\u00e7o competitivo. Rede Referenciada Pr\u00f3priaHospital Bom ClimaCl\u00ednica Salgado FilhoCl\u00ednica SATI CredenciadaVoxel Medicina Diagn\u00f3sticaCl\u00ednica Jardim S\u00e3o Jo\u00e3oFisioterapia e Terapia da M\u00e3oSM Diagn\u00f3sticos Especializados SOLICITE COTA\u00c7\u00c3O<\/p>\n","protected":false},"author":1,"featured_media":0,"parent":0,"menu_order":0,"comment_status":"closed","ping_status":"closed","template":"","meta":{"generate_page_header":"","footnotes":""},"class_list":["post-895","page","type-page","status-publish"],"_links":{"self":[{"href":"https:\/\/conveniodesaude.com.br\/hbcsaude\/wp-json\/wp\/v2\/pages\/895","targetHints":{"allow":["GET"]}}],"collection":[{"href":"https:\/\/conveniodesaude.com.br\/hbcsaude\/wp-json\/wp\/v2\/pages"}],"about":[{"href":"https:\/\/conveniodesaude.com.br\/hbcsaude\/wp-json\/wp\/v2\/types\/page"}],"author":[{"embeddable":true,"href":"https:\/\/conveniodesaude.com.br\/hbcsaude\/wp-json\/wp\/v2\/users\/1"}],"replies":[{"embeddable":true,"href":"https:\/\/conveniodesaude.com.br\/hbcsaude\/wp-json\/wp\/v2\/comments?post=895"}],"version-history":[{"count":33,"href":"https:\/\/conveniodesaude.com.br\/hbcsaude\/wp-json\/wp\/v2\/pages\/895\/revisions"}],"predecessor-version":[{"id":2672,"href":"https:\/\/conveniodesaude.com.br\/hbcsaude\/wp-json\/wp\/v2\/pages\/895\/revisions\/2672"}],"wp:attachment":[{"href":"https:\/\/conveniodesaude.com.br\/hbcsaude\/wp-json\/wp\/v2\/media?parent=895"}],"curies":[{"name":"wp","href":"https:\/\/api.w.org\/{rel}","templated":true}]}}