{"id":246,"date":"2018-04-24T15:47:21","date_gmt":"2018-04-24T18:47:21","guid":{"rendered":"http:\/\/anacostasaudesite.com.br\/site\/?page_id=246"},"modified":"2021-11-10T12:15:22","modified_gmt":"2021-11-10T15:15:22","slug":"sobre","status":"publish","type":"page","link":"https:\/\/conveniodesaude.com.br\/medtoursaude\/sobre\/","title":{"rendered":"Sobre"},"content":{"rendered":"\t\t<div data-elementor-type=\"wp-post\" data-elementor-id=\"246\" class=\"elementor elementor-246\" data-elementor-post-type=\"page\">\n\t\t\t\t\t\t<section class=\"elementor-section elementor-top-section elementor-element elementor-element-64fc16d elementor-section-boxed elementor-section-height-default elementor-section-height-default\" data-id=\"64fc16d\" data-element_type=\"section\" data-e-type=\"section\">\n\t\t\t\t\t\t<div class=\"elementor-container elementor-column-gap-default\">\n\t\t\t\t\t<div class=\"elementor-column elementor-col-100 elementor-top-column elementor-element elementor-element-14044b8\" data-id=\"14044b8\" data-element_type=\"column\" data-e-type=\"column\">\n\t\t\t<div class=\"elementor-widget-wrap elementor-element-populated\">\n\t\t\t\t\t\t<div class=\"elementor-element elementor-element-5dfe405 elementor-widget elementor-widget-heading\" data-id=\"5dfe405\" data-element_type=\"widget\" data-e-type=\"widget\" data-widget_type=\"heading.default\">\n\t\t\t\t\t<h2 class=\"elementor-heading-title elementor-size-xl\">Med Tour Sa\u00fade<\/h2>\t\t\t\t<\/div>\n\t\t\t\t\t<\/div>\n\t\t<\/div>\n\t\t\t\t\t<\/div>\n\t\t<\/section>\n\t\t\t\t<section class=\"elementor-section elementor-top-section elementor-element elementor-element-0957090 elementor-section-boxed elementor-section-height-default elementor-section-height-default\" data-id=\"0957090\" data-element_type=\"section\" data-e-type=\"section\">\n\t\t\t\t\t\t<div class=\"elementor-container elementor-column-gap-default\">\n\t\t\t\t\t<div class=\"elementor-column elementor-col-33 elementor-top-column elementor-element elementor-element-a000472\" data-id=\"a000472\" data-element_type=\"column\" data-e-type=\"column\">\n\t\t\t<div class=\"elementor-widget-wrap elementor-element-populated\">\n\t\t\t\t\t\t<div class=\"elementor-element elementor-element-1c92b05 elementor-widget elementor-widget-text-editor\" data-id=\"1c92b05\" data-element_type=\"widget\" data-e-type=\"widget\" data-widget_type=\"text-editor.default\">\n\t\t\t\t\t\t\t\t\t<p><span style=\"color: #000000;\">A Med Tour Sa\u00fade nasceu no dia 25 de Fevereiro de 1995 em S\u00e3o Paulo, da vontade de se criar algo novo, unindo a preven\u00e7\u00e3o da sa\u00fade e o lazer. Em 1996 expandiu as atividades, firmou base em Guarulhos, e logo centralizou a administra\u00e7\u00e3o na cidade. No ano de 2002 com o crescimento das opera\u00e7\u00f5es, foi inaugurada a primeira sede pr\u00f3pria com 2500m\u00b2 de constru\u00e7\u00e3o para atender os associados.<\/span><\/p><p>Em 2003, visando este crescimento ampliou o atendimento na cidade de S\u00e3o Miguel Paulista SP, ao contratar uma cl\u00ednica diferenciada e de atendimento exclusivo para os clientes. Hoje a empresa conta com cerca de mais de 50 mil clientes, distribu\u00eddos em Guarulhos, S\u00e3o Paulo e grande S\u00e3o Paulo. Sua carteira \u00e9 composta com 70% de clientes pessoas f\u00edsicas e 30% de clientes pessoas jur\u00eddicas, dos quais 70% est\u00e3o domiciliados em Guarulhos e 30% em S\u00e3o Paulo. Para consolidar seu nome e expandir ainda mais suas atividades, em 2016 adquiriu uma nova sede com 4.500m\u00b2, um dos mais modernos ambulat\u00f3rios da regi\u00e3o de Guarulhos para melhor acomoda\u00e7\u00e3o e excel\u00eancia na presta\u00e7\u00e3o de servi\u00e7o dos clientes.<\/p><p>Med Tour Sa\u00fade trabalhando com Efici\u00eancia e Compet\u00eancia para os seus clientes comemora mais de 25 anos de trabalho com seriedade, respeito e humaniza\u00e7\u00e3o.<\/p>\t\t\t\t\t\t\t\t<\/div>\n\t\t\t\t\t<\/div>\n\t\t<\/div>\n\t\t\t\t<div class=\"elementor-column elementor-col-33 elementor-top-column elementor-element elementor-element-a1826ca\" data-id=\"a1826ca\" data-element_type=\"column\" data-e-type=\"column\">\n\t\t\t<div class=\"elementor-widget-wrap\">\n\t\t\t\t\t\t\t<\/div>\n\t\t<\/div>\n\t\t\t\t<div class=\"elementor-column elementor-col-33 elementor-top-column elementor-element elementor-element-0ede5ec\" data-id=\"0ede5ec\" data-element_type=\"column\" data-e-type=\"column\">\n\t\t\t<div class=\"elementor-widget-wrap elementor-element-populated\">\n\t\t\t\t\t\t<div class=\"elementor-element elementor-element-9fcc1dd elementor-widget elementor-widget-image\" data-id=\"9fcc1dd\" data-element_type=\"widget\" data-e-type=\"widget\" data-widget_type=\"image.default\">\n\t\t\t\t\t\t\t\t\t\t\t\t\t\t\t<img fetchpriority=\"high\" decoding=\"async\" width=\"600\" height=\"600\" src=\"https:\/\/conveniodesaude.com.br\/medtoursaude\/wp-content\/uploads\/2021\/11\/25-anos.jpg\" class=\"attachment-large size-large wp-image-1573\" alt=\"\" srcset=\"https:\/\/conveniodesaude.com.br\/medtoursaude\/wp-content\/uploads\/2021\/11\/25-anos.jpg 600w, https:\/\/conveniodesaude.com.br\/medtoursaude\/wp-content\/uploads\/2021\/11\/25-anos-300x300.jpg 300w, https:\/\/conveniodesaude.com.br\/medtoursaude\/wp-content\/uploads\/2021\/11\/25-anos-150x150.jpg 150w\" sizes=\"(max-width: 600px) 100vw, 600px\" \/>\t\t\t\t\t\t\t\t\t\t\t\t\t\t\t<\/div>\n\t\t\t\t\t<\/div>\n\t\t<\/div>\n\t\t\t\t\t<\/div>\n\t\t<\/section>\n\t\t\t\t<\/div>\n\t\t","protected":false},"excerpt":{"rendered":"<p>Med Tour Sa\u00fade A Med Tour Sa\u00fade nasceu no dia 25 de Fevereiro de 1995 em S\u00e3o Paulo, da vontade de se criar algo novo, unindo a preven\u00e7\u00e3o da sa\u00fade e o lazer. Em 1996 expandiu as atividades, firmou base em Guarulhos, e logo centralizou a administra\u00e7\u00e3o na cidade. No ano de 2002 com o &#8230; <a title=\"Sobre\" class=\"read-more\" href=\"https:\/\/conveniodesaude.com.br\/medtoursaude\/sobre\/\" aria-label=\"Read more about Sobre\">Ler mais<\/a><\/p>\n","protected":false},"author":2,"featured_media":0,"parent":0,"menu_order":0,"comment_status":"closed","ping_status":"closed","template":"","meta":{"generate_page_header":"","footnotes":""},"class_list":["post-246","page","type-page","status-publish"],"_links":{"self":[{"href":"https:\/\/conveniodesaude.com.br\/medtoursaude\/wp-json\/wp\/v2\/pages\/246","targetHints":{"allow":["GET"]}}],"collection":[{"href":"https:\/\/conveniodesaude.com.br\/medtoursaude\/wp-json\/wp\/v2\/pages"}],"about":[{"href":"https:\/\/conveniodesaude.com.br\/medtoursaude\/wp-json\/wp\/v2\/types\/page"}],"author":[{"embeddable":true,"href":"https:\/\/conveniodesaude.com.br\/medtoursaude\/wp-json\/wp\/v2\/users\/2"}],"replies":[{"embeddable":true,"href":"https:\/\/conveniodesaude.com.br\/medtoursaude\/wp-json\/wp\/v2\/comments?post=246"}],"version-history":[{"count":33,"href":"https:\/\/conveniodesaude.com.br\/medtoursaude\/wp-json\/wp\/v2\/pages\/246\/revisions"}],"predecessor-version":[{"id":1678,"href":"https:\/\/conveniodesaude.com.br\/medtoursaude\/wp-json\/wp\/v2\/pages\/246\/revisions\/1678"}],"wp:attachment":[{"href":"https:\/\/conveniodesaude.com.br\/medtoursaude\/wp-json\/wp\/v2\/media?parent=246"}],"curies":[{"name":"wp","href":"https:\/\/api.w.org\/{rel}","templated":true}]}}