{"id":925,"date":"2018-08-14T12:51:22","date_gmt":"2018-08-14T15:51:22","guid":{"rendered":"https:\/\/conveniodesaude.com.br\/site1\/?page_id=925"},"modified":"2018-11-28T15:30:18","modified_gmt":"2018-11-28T17:30:18","slug":"omint-premium-saude-integral","status":"publish","type":"page","link":"https:\/\/conveniodesaude.com.br\/omintsaude\/planos-de-saude\/omint-premium-saude-integral\/","title":{"rendered":"Omint Premium Sa\u00fade Integral"},"content":{"rendered":"\t\t<div data-elementor-type=\"wp-post\" data-elementor-id=\"925\" class=\"elementor elementor-925 elementor-bc-flex-widget\" data-elementor-post-type=\"page\">\n\t\t\t\t\t\t<section class=\"elementor-section elementor-top-section elementor-element elementor-element-0e12275 elementor-section-boxed elementor-section-height-default elementor-section-height-default\" data-id=\"0e12275\" data-element_type=\"section\" data-e-type=\"section\">\n\t\t\t\t\t\t<div class=\"elementor-container elementor-column-gap-default\">\n\t\t\t\t\t<div class=\"elementor-column elementor-col-25 elementor-top-column elementor-element elementor-element-c809569\" data-id=\"c809569\" data-element_type=\"column\" data-e-type=\"column\">\n\t\t\t<div class=\"elementor-widget-wrap elementor-element-populated\">\n\t\t\t\t\t\t<div class=\"elementor-element elementor-element-4d9047d elementor-widget elementor-widget-heading\" data-id=\"4d9047d\" data-element_type=\"widget\" data-e-type=\"widget\" data-widget_type=\"heading.default\">\n\t\t\t\t\t<h2 class=\"elementor-heading-title elementor-size-large\">Omint Premium<\/h2>\t\t\t\t<\/div>\n\t\t\t\t<div class=\"elementor-element elementor-element-49cd338 elementor-widget elementor-widget-text-editor\" data-id=\"49cd338\" data-element_type=\"widget\" data-e-type=\"widget\" data-widget_type=\"text-editor.default\">\n\t\t\t\t\t\t\t\t\t<p>Coberturas diferenciadas. Excel\u00eancia em cada detalhe: da melhor rede credenciada do Brasil ao reembolso de valores expressivos.<\/p>\t\t\t\t\t\t\t\t<\/div>\n\t\t\t\t\t<\/div>\n\t\t<\/div>\n\t\t\t\t<div class=\"elementor-column elementor-col-25 elementor-top-column elementor-element elementor-element-55dbb67\" data-id=\"55dbb67\" data-element_type=\"column\" data-e-type=\"column\">\n\t\t\t<div class=\"elementor-widget-wrap\">\n\t\t\t\t\t\t\t<\/div>\n\t\t<\/div>\n\t\t\t\t<div class=\"elementor-column elementor-col-25 elementor-top-column elementor-element elementor-element-f3d5ca5\" data-id=\"f3d5ca5\" data-element_type=\"column\" data-e-type=\"column\">\n\t\t\t<div class=\"elementor-widget-wrap elementor-element-populated\">\n\t\t\t\t\t\t<div class=\"elementor-element elementor-element-0c2b9fd elementor-widget elementor-widget-heading\" data-id=\"0c2b9fd\" data-element_type=\"widget\" data-e-type=\"widget\" data-widget_type=\"heading.default\">\n\t\t\t\t\t<h2 class=\"elementor-heading-title elementor-size-default\">Sa\u00fade Integral<\/h2>\t\t\t\t<\/div>\n\t\t\t\t<div class=\"elementor-element elementor-element-1c0ebbe elementor-widget elementor-widget-text-editor\" data-id=\"1c0ebbe\" data-element_type=\"widget\" data-e-type=\"widget\" data-widget_type=\"text-editor.default\">\n\t\t\t\t\t\t\t\t\t<p>Premium<\/p>\t\t\t\t\t\t\t\t<\/div>\n\t\t\t\t<div class=\"elementor-element elementor-element-779592b elementor-widget elementor-widget-image\" data-id=\"779592b\" data-element_type=\"widget\" data-e-type=\"widget\" data-widget_type=\"image.default\">\n\t\t\t\t\t\t\t\t\t\t\t\t\t\t\t<img decoding=\"async\" width=\"199\" height=\"135\" src=\"https:\/\/conveniodesaude.com.br\/omintsaude\/wp-content\/uploads\/2018\/11\/carteirinha_saude_integral.png\" class=\"attachment-large size-large wp-image-1234\" alt=\"\" \/>\t\t\t\t\t\t\t\t\t\t\t\t\t\t\t<\/div>\n\t\t\t\t\t<\/div>\n\t\t<\/div>\n\t\t\t\t<div class=\"elementor-column elementor-col-25 elementor-top-column elementor-element elementor-element-87bf9be\" data-id=\"87bf9be\" data-element_type=\"column\" data-e-type=\"column\">\n\t\t\t<div class=\"elementor-widget-wrap elementor-element-populated\">\n\t\t\t\t\t\t<div class=\"elementor-element elementor-element-3f3b0b9 elementor-widget elementor-widget-text-editor\" data-id=\"3f3b0b9\" data-element_type=\"widget\" data-e-type=\"widget\" data-widget_type=\"text-editor.default\">\n\t\t\t\t\t\t\t\t\t<p>Queremos cuidar da sua sa\u00fade por inteiro. Por isso desenvolvemos um plano completo, sem necessidade de aditivos. Sa\u00fade Integral Omint oferece a mais respeitada rede m\u00e9dica credenciada do Pa\u00eds com coberturas odontol\u00f3gicas inclu\u00eddas. O padr\u00e3o de atendimento \u00e9 elevado, assim como as suas expectativas quando contrata os nossos servi\u00e7os.<br \/>\u2022 Acesso a uma das cl\u00ednicas odontol\u00f3gicas mais modernas da Am\u00e9rica Latina, a Cl\u00ednica Omint.\u00a0<br \/>\u2022 Acesso aos melhores m\u00e9dicos e hospitais do pa\u00eds.<\/p>\t\t\t\t\t\t\t\t<\/div>\n\t\t\t\t\t<\/div>\n\t\t<\/div>\n\t\t\t\t\t<\/div>\n\t\t<\/section>\n\t\t\t\t<section class=\"elementor-section elementor-top-section elementor-element elementor-element-3bd676d elementor-section-boxed elementor-section-height-default elementor-section-height-default\" data-id=\"3bd676d\" data-element_type=\"section\" data-e-type=\"section\">\n\t\t\t\t\t\t<div class=\"elementor-container elementor-column-gap-default\">\n\t\t\t\t\t<div class=\"elementor-column elementor-col-33 elementor-top-column elementor-element elementor-element-53f427a\" data-id=\"53f427a\" data-element_type=\"column\" data-e-type=\"column\">\n\t\t\t<div class=\"elementor-widget-wrap elementor-element-populated\">\n\t\t\t\t\t\t\t<\/div>\n\t\t<\/div>\n\t\t\t\t<div class=\"elementor-column elementor-col-33 elementor-top-column elementor-element elementor-element-b6ec1fd\" data-id=\"b6ec1fd\" data-element_type=\"column\" data-e-type=\"column\">\n\t\t\t<div class=\"elementor-widget-wrap elementor-element-populated\">\n\t\t\t\t\t\t<div class=\"elementor-element elementor-element-74149dc elementor-widget elementor-widget-text-editor\" data-id=\"74149dc\" data-element_type=\"widget\" data-e-type=\"widget\" data-widget_type=\"text-editor.default\">\n\t\t\t\t\t\t\t\t\t<div class=\"box_planos_detalhe_right_cobertura\"><h3 style=\"text-align: left;\"><span style=\"color: #68788c;\"><strong>Coberturas<\/strong><\/span><\/h3><p>\u2022 Cobertura ambulatorial<br \/>\u2022 Hospitalar com obstetr\u00edcia<br \/>\u2022 Odontol\u00f3gica completa*<\/p><\/div>\t\t\t\t\t\t\t\t<\/div>\n\t\t\t\t\t<\/div>\n\t\t<\/div>\n\t\t\t\t<div class=\"elementor-column elementor-col-33 elementor-top-column elementor-element elementor-element-e3e6156\" data-id=\"e3e6156\" data-element_type=\"column\" data-e-type=\"column\">\n\t\t\t<div class=\"elementor-widget-wrap elementor-element-populated\">\n\t\t\t\t\t\t<div class=\"elementor-element elementor-element-f891dce elementor-widget elementor-widget-text-editor\" data-id=\"f891dce\" data-element_type=\"widget\" data-e-type=\"widget\" data-widget_type=\"text-editor.default\">\n\t\t\t\t\t\t\t\t\t<h3 style=\"text-align: left;\"><span style=\"color: #68788c;\"><strong>Diferenciais<\/strong><\/span><\/h3><p>\u2022 Suporte na Gest\u00e3o do Benef\u00edcio<br \/>\u2022 Programas de Sa\u00fade e Preven\u00e7\u00e3o<br \/>\u2022 Coaching da Sa\u00fade<br \/>\u2022 Avalia\u00e7\u00e3o Individual de Sa\u00fade<br \/>\u2022 Medicina Ocupacional<br \/>\u2022 Seguros Viagem Nacional e Internacional<br \/>\u2022 Boa Hora<br \/>\u2022 Doutor em Casa Omint<br \/>\u2022 Laborat\u00f3rio em Domic\u00edlio<br \/>\u2022 Cl\u00ednica Odontol\u00f3gica Omint<br \/>\u2022 Reembolso de despesas em 1 dia**<\/p>\t\t\t\t\t\t\t\t<\/div>\n\t\t\t\t\t<\/div>\n\t\t<\/div>\n\t\t\t\t\t<\/div>\n\t\t<\/section>\n\t\t\t\t<\/div>\n\t\t","protected":false},"excerpt":{"rendered":"<p>Omint Premium Coberturas diferenciadas. Excel\u00eancia em cada detalhe: da melhor rede credenciada do Brasil ao reembolso de valores expressivos. Sa\u00fade Integral Premium Queremos cuidar da sua sa\u00fade por inteiro. Por isso desenvolvemos um plano completo, sem necessidade de aditivos. Sa\u00fade Integral Omint oferece a mais respeitada rede m\u00e9dica credenciada do Pa\u00eds com coberturas odontol\u00f3gicas inclu\u00eddas. &#8230; <a title=\"Omint Premium Sa\u00fade Integral\" class=\"read-more\" href=\"https:\/\/conveniodesaude.com.br\/omintsaude\/planos-de-saude\/omint-premium-saude-integral\/\" aria-label=\"Read more about Omint Premium Sa\u00fade Integral\">Ler mais<\/a><\/p>\n","protected":false},"author":1,"featured_media":0,"parent":1305,"menu_order":0,"comment_status":"closed","ping_status":"closed","template":"","meta":{"generate_page_header":"","footnotes":""},"class_list":["post-925","page","type-page","status-publish"],"_links":{"self":[{"href":"https:\/\/conveniodesaude.com.br\/omintsaude\/wp-json\/wp\/v2\/pages\/925","targetHints":{"allow":["GET"]}}],"collection":[{"href":"https:\/\/conveniodesaude.com.br\/omintsaude\/wp-json\/wp\/v2\/pages"}],"about":[{"href":"https:\/\/conveniodesaude.com.br\/omintsaude\/wp-json\/wp\/v2\/types\/page"}],"author":[{"embeddable":true,"href":"https:\/\/conveniodesaude.com.br\/omintsaude\/wp-json\/wp\/v2\/users\/1"}],"replies":[{"embeddable":true,"href":"https:\/\/conveniodesaude.com.br\/omintsaude\/wp-json\/wp\/v2\/comments?post=925"}],"version-history":[{"count":0,"href":"https:\/\/conveniodesaude.com.br\/omintsaude\/wp-json\/wp\/v2\/pages\/925\/revisions"}],"up":[{"embeddable":true,"href":"https:\/\/conveniodesaude.com.br\/omintsaude\/wp-json\/wp\/v2\/pages\/1305"}],"wp:attachment":[{"href":"https:\/\/conveniodesaude.com.br\/omintsaude\/wp-json\/wp\/v2\/media?parent=925"}],"curies":[{"name":"wp","href":"https:\/\/api.w.org\/{rel}","templated":true}]}}