{"id":870,"date":"2018-10-03T09:59:50","date_gmt":"2018-10-03T12:59:50","guid":{"rendered":"http:\/\/sulamericasaudesite.com.br\/corretora\/site2\/?page_id=870"},"modified":"2025-09-16T10:10:39","modified_gmt":"2025-09-16T13:10:39","slug":"pme-03-a-29-pessoas","status":"publish","type":"page","link":"https:\/\/conveniodesaude.com.br\/sulamericasaude\/pme-03-a-29-pessoas\/","title":{"rendered":"PME 03 a 29 pessoas"},"content":{"rendered":"\t\t<div data-elementor-type=\"wp-post\" data-elementor-id=\"870\" class=\"elementor elementor-870\" data-elementor-post-type=\"page\">\n\t\t\t\t\t\t<section class=\"elementor-section elementor-top-section elementor-element elementor-element-8a74f5b elementor-section-boxed elementor-section-height-default elementor-section-height-default\" data-id=\"8a74f5b\" data-element_type=\"section\" data-e-type=\"section\">\n\t\t\t\t\t\t<div class=\"elementor-container elementor-column-gap-default\">\n\t\t\t\t\t<div class=\"elementor-column elementor-col-100 elementor-top-column elementor-element elementor-element-70e164f\" data-id=\"70e164f\" data-element_type=\"column\" data-e-type=\"column\">\n\t\t\t<div class=\"elementor-widget-wrap elementor-element-populated\">\n\t\t\t\t\t\t<div class=\"elementor-element elementor-element-9c2a730 elementor-widget elementor-widget-text-editor\" data-id=\"9c2a730\" data-element_type=\"widget\" data-e-type=\"widget\" data-widget_type=\"text-editor.default\">\n\t\t\t\t\t\t\t\t\t<h1 class=\"clearfix\" style=\"text-align: center;\"><span style=\"color: #101b47;\"><strong>SulAm\u00e9rica Sa\u00fade PME (03 a 29 pessoas)<\/strong><\/span><\/h1>\t\t\t\t\t\t\t\t<\/div>\n\t\t\t\t\t<\/div>\n\t\t<\/div>\n\t\t\t\t\t<\/div>\n\t\t<\/section>\n\t\t\t\t<section class=\"elementor-section elementor-top-section elementor-element elementor-element-bb69cb1 elementor-section-full_width elementor-section-height-default elementor-section-height-default\" data-id=\"bb69cb1\" data-element_type=\"section\" data-e-type=\"section\">\n\t\t\t\t\t\t<div class=\"elementor-container elementor-column-gap-no\">\n\t\t\t\t\t<div class=\"elementor-column elementor-col-100 elementor-top-column elementor-element elementor-element-e1d9edb\" data-id=\"e1d9edb\" data-element_type=\"column\" data-e-type=\"column\">\n\t\t\t<div class=\"elementor-widget-wrap elementor-element-populated\">\n\t\t\t\t\t\t<div class=\"elementor-element elementor-element-4ab1ad1 elementor-widget elementor-widget-image\" data-id=\"4ab1ad1\" data-element_type=\"widget\" data-e-type=\"widget\" data-widget_type=\"image.default\">\n\t\t\t\t\t\t\t\t\t\t\t\t\t\t\t<img fetchpriority=\"high\" decoding=\"async\" width=\"1024\" height=\"390\" src=\"https:\/\/conveniodesaude.com.br\/sulamericasaude\/wp-content\/uploads\/2018\/10\/pme-03-1024x390.jpg\" class=\"attachment-large size-large wp-image-1150\" alt=\"\" srcset=\"https:\/\/conveniodesaude.com.br\/sulamericasaude\/wp-content\/uploads\/2018\/10\/pme-03-1024x390.jpg 1024w, https:\/\/conveniodesaude.com.br\/sulamericasaude\/wp-content\/uploads\/2018\/10\/pme-03-300x114.jpg 300w, https:\/\/conveniodesaude.com.br\/sulamericasaude\/wp-content\/uploads\/2018\/10\/pme-03-768x293.jpg 768w, https:\/\/conveniodesaude.com.br\/sulamericasaude\/wp-content\/uploads\/2018\/10\/pme-03.jpg 1900w\" sizes=\"(max-width: 1024px) 100vw, 1024px\" \/>\t\t\t\t\t\t\t\t\t\t\t\t\t\t\t<\/div>\n\t\t\t\t\t<\/div>\n\t\t<\/div>\n\t\t\t\t\t<\/div>\n\t\t<\/section>\n\t\t\t\t<section class=\"elementor-section elementor-top-section elementor-element elementor-element-89be411 elementor-section-boxed elementor-section-height-default elementor-section-height-default\" data-id=\"89be411\" data-element_type=\"section\" data-e-type=\"section\">\n\t\t\t\t\t\t<div class=\"elementor-container elementor-column-gap-default\">\n\t\t\t\t\t<div class=\"elementor-column elementor-col-100 elementor-top-column elementor-element elementor-element-60fcc1d\" data-id=\"60fcc1d\" data-element_type=\"column\" data-e-type=\"column\">\n\t\t\t<div class=\"elementor-widget-wrap elementor-element-populated\">\n\t\t\t\t\t\t<div class=\"elementor-element elementor-element-05ba664 elementor-widget elementor-widget-text-editor\" data-id=\"05ba664\" data-element_type=\"widget\" data-e-type=\"widget\" data-widget_type=\"text-editor.default\">\n\t\t\t\t\t\t\t\t\t<p class=\"normal\"><span style=\"color: #000000;\">O bem-estar dos funcion\u00e1rios \u00e9 fundamental para o sucesso da sua empresa. Por isso, conte com SulAm\u00e9rica Sa\u00fade na hora de oferecer assist\u00eancia e prote\u00e7\u00e3o.<\/span><\/p>\n<p class=\"normal\"><span style=\"color: #000000;\">S\u00e3o v\u00e1rios tipos de planos para atender voc\u00ea e sua equipe com a qualidade que voc\u00eas merecem.<\/span><\/p>\t\t\t\t\t\t\t\t<\/div>\n\t\t\t\t\t<\/div>\n\t\t<\/div>\n\t\t\t\t\t<\/div>\n\t\t<\/section>\n\t\t\t\t<section class=\"elementor-section elementor-top-section elementor-element elementor-element-46ee5b6c elementor-section-content-top elementor-section-boxed elementor-section-height-default elementor-section-height-default\" data-id=\"46ee5b6c\" data-element_type=\"section\" data-e-type=\"section\" data-settings=\"{&quot;background_background&quot;:&quot;classic&quot;}\">\n\t\t\t\t\t\t\t<div class=\"elementor-background-overlay\"><\/div>\n\t\t\t\t\t\t\t<div class=\"elementor-container elementor-column-gap-default\">\n\t\t\t\t\t<div class=\"elementor-column elementor-col-33 elementor-top-column elementor-element elementor-element-ca35ae5\" data-id=\"ca35ae5\" data-element_type=\"column\" data-e-type=\"column\">\n\t\t\t<div class=\"elementor-widget-wrap\">\n\t\t\t\t\t\t\t<\/div>\n\t\t<\/div>\n\t\t\t\t<div class=\"elementor-column elementor-col-33 elementor-top-column elementor-element elementor-element-3230afe3\" data-id=\"3230afe3\" data-element_type=\"column\" data-e-type=\"column\">\n\t\t\t<div class=\"elementor-widget-wrap elementor-element-populated\">\n\t\t\t\t\t\t<div class=\"elementor-element elementor-element-15ce9920 elementor-widget elementor-widget-text-editor\" data-id=\"15ce9920\" data-element_type=\"widget\" data-e-type=\"widget\" data-widget_type=\"text-editor.default\">\n\t\t\t\t\t\t\t\t\t<p><strong>COTA\u00c7\u00c3O ONLINE<br \/><\/strong><\/p>\t\t\t\t\t\t\t\t<\/div>\n\t\t\t\t<div class=\"elementor-element elementor-element-671c2e8a elementor-button-align-stretch elementor-widget elementor-widget-form\" data-id=\"671c2e8a\" data-element_type=\"widget\" data-e-type=\"widget\" data-settings=\"{&quot;step_next_label&quot;:&quot;Pr\\u00f3ximo&quot;,&quot;step_previous_label&quot;:&quot;Anterior&quot;,&quot;button_width&quot;:&quot;100&quot;,&quot;step_type&quot;:&quot;number_text&quot;,&quot;step_icon_shape&quot;:&quot;circle&quot;}\" data-widget_type=\"form.default\">\n\t\t\t\t\t\t\t<form class=\"elementor-form\" method=\"post\" id=\"pagina-pme-03-a-29-pessoas\" name=\"P\u00e1gina PME 03 a 29 pessoas\" aria-label=\"P\u00e1gina PME 03 a 29 pessoas\">\n\t\t\t<input type=\"hidden\" name=\"post_id\" value=\"870\"\/>\n\t\t\t<input type=\"hidden\" name=\"form_id\" value=\"671c2e8a\"\/>\n\t\t\t<input type=\"hidden\" name=\"referer_title\" value=\"PME 03 a 29 pessoas\" \/>\n\n\t\t\t\t\t\t\t<input type=\"hidden\" name=\"queried_id\" value=\"870\"\/>\n\t\t\t\n\t\t\t<div class=\"elementor-form-fields-wrapper elementor-labels-above\">\n\t\t\t\t\t\t\t\t<div class=\"elementor-field-type-text elementor-field-group elementor-column elementor-field-group-name elementor-col-100 elementor-field-required\">\n\t\t\t\t\t\t\t\t\t\t\t\t\t<input size=\"1\" type=\"text\" name=\"form_fields[name]\" id=\"form-field-name\" class=\"elementor-field elementor-size-md  elementor-field-textual\" placeholder=\"Nome completo\" required=\"required\">\n\t\t\t\t\t\t\t\t\t\t\t<\/div>\n\t\t\t\t\t\t\t\t<div class=\"elementor-field-type-email elementor-field-group elementor-column elementor-field-group-email elementor-col-100 elementor-field-required\">\n\t\t\t\t\t\t\t\t\t\t\t\t\t<input size=\"1\" type=\"email\" name=\"form_fields[email]\" id=\"form-field-email\" class=\"elementor-field elementor-size-md  elementor-field-textual\" placeholder=\"E-mail\" required=\"required\">\n\t\t\t\t\t\t\t\t\t\t\t<\/div>\n\t\t\t\t\t\t\t\t<div class=\"elementor-field-type-tel elementor-field-group elementor-column elementor-field-group-celular elementor-col-100 elementor-field-required\">\n\t\t\t\t\t\t\t<input size=\"1\" type=\"tel\" name=\"form_fields[celular]\" id=\"form-field-celular\" class=\"elementor-field elementor-size-md  elementor-field-textual\" placeholder=\"DDD + Celular (Ex: 11999999999)\" required=\"required\" pattern=\"[0-9()#&amp;+*-=.]+\" title=\"Apenas n\u00fameros e caracteres de telefone (#, -, *, etc.) s\u00e3o aceitos.\">\n\n\t\t\t\t\t\t<\/div>\n\t\t\t\t\t\t\t\t<div class=\"elementor-field-type-textarea elementor-field-group elementor-column elementor-field-group-detalhes elementor-col-100\">\n\t\t\t\t\t<textarea class=\"elementor-field-textual elementor-field  elementor-size-md\" name=\"form_fields[detalhes]\" id=\"form-field-detalhes\" rows=\"4\" placeholder=\"Para uma cota\u00e7\u00e3o mais precisa, informe o CEP e idades. Caso julgue necess\u00e1rio, informe mais outros detalhes.\"><\/textarea>\t\t\t\t<\/div>\n\t\t\t\t\t\t\t\t<div class=\"elementor-field-type-recaptcha_v3 elementor-field-group elementor-column elementor-field-group-field_7b1cc6c elementor-col-100 recaptcha_v3-bottomleft\">\n\t\t\t\t\t<div class=\"elementor-field\" id=\"form-field-field_7b1cc6c\"><div class=\"elementor-g-recaptcha\" data-sitekey=\"6LctBvofAAAAAK4uAuAePLhyDpyIp3csWF_9VW_w\" data-type=\"v3\" data-action=\"Form\" data-badge=\"bottomleft\" data-size=\"invisible\"><\/div><\/div>\t\t\t\t<\/div>\n\t\t\t\t\t\t\t\t<div class=\"elementor-field-group elementor-column elementor-field-type-submit elementor-col-100 e-form__buttons\">\n\t\t\t\t\t<button class=\"elementor-button elementor-size-md\" type=\"submit\">\n\t\t\t\t\t\t<span class=\"elementor-button-content-wrapper\">\n\t\t\t\t\t\t\t\t\t\t\t\t\t\t\t\t\t\t\t\t\t\t<span class=\"elementor-button-text\">SOLICITAR AGORA<\/span>\n\t\t\t\t\t\t\t\t\t\t\t\t\t<\/span>\n\t\t\t\t\t<\/button>\n\t\t\t\t<\/div>\n\t\t\t<\/div>\n\t\t<\/form>\n\t\t\t\t\t\t<\/div>\n\t\t\t\t\t<\/div>\n\t\t<\/div>\n\t\t\t\t<div class=\"elementor-column elementor-col-33 elementor-top-column elementor-element elementor-element-1f14e194\" data-id=\"1f14e194\" data-element_type=\"column\" data-e-type=\"column\">\n\t\t\t<div class=\"elementor-widget-wrap\">\n\t\t\t\t\t\t\t<\/div>\n\t\t<\/div>\n\t\t\t\t\t<\/div>\n\t\t<\/section>\n\t\t\t\t<\/div>\n\t\t","protected":false},"excerpt":{"rendered":"<p>SulAm\u00e9rica Sa\u00fade PME (03 a 29 pessoas) O bem-estar dos funcion\u00e1rios \u00e9 fundamental para o sucesso da sua empresa. Por isso, conte com SulAm\u00e9rica Sa\u00fade na hora de oferecer assist\u00eancia e prote\u00e7\u00e3o. S\u00e3o v\u00e1rios tipos de planos para atender voc\u00ea e sua equipe com a qualidade que voc\u00eas merecem. COTA\u00c7\u00c3O ONLINE<\/p>\n","protected":false},"author":1,"featured_media":0,"parent":0,"menu_order":0,"comment_status":"closed","ping_status":"closed","template":"","meta":{"generate_page_header":"","footnotes":""},"class_list":["post-870","page","type-page","status-publish"],"_links":{"self":[{"href":"https:\/\/conveniodesaude.com.br\/sulamericasaude\/wp-json\/wp\/v2\/pages\/870","targetHints":{"allow":["GET"]}}],"collection":[{"href":"https:\/\/conveniodesaude.com.br\/sulamericasaude\/wp-json\/wp\/v2\/pages"}],"about":[{"href":"https:\/\/conveniodesaude.com.br\/sulamericasaude\/wp-json\/wp\/v2\/types\/page"}],"author":[{"embeddable":true,"href":"https:\/\/conveniodesaude.com.br\/sulamericasaude\/wp-json\/wp\/v2\/users\/1"}],"replies":[{"embeddable":true,"href":"https:\/\/conveniodesaude.com.br\/sulamericasaude\/wp-json\/wp\/v2\/comments?post=870"}],"version-history":[{"count":72,"href":"https:\/\/conveniodesaude.com.br\/sulamericasaude\/wp-json\/wp\/v2\/pages\/870\/revisions"}],"predecessor-version":[{"id":5635,"href":"https:\/\/conveniodesaude.com.br\/sulamericasaude\/wp-json\/wp\/v2\/pages\/870\/revisions\/5635"}],"wp:attachment":[{"href":"https:\/\/conveniodesaude.com.br\/sulamericasaude\/wp-json\/wp\/v2\/media?parent=870"}],"curies":[{"name":"wp","href":"https:\/\/api.w.org\/{rel}","templated":true}]}}